{"id":2391,"date":"2020-12-21T16:45:53","date_gmt":"2020-12-21T15:45:53","guid":{"rendered":"https:\/\/www.romacfuels.com\/?page_id=2391"},"modified":"2023-08-17T14:39:57","modified_gmt":"2023-08-17T12:39:57","slug":"truckwash-cleaning","status":"publish","type":"page","link":"https:\/\/www.romacfuels.com\/fr\/service\/truckwash-cleaning\/","title":{"rendered":"Truckwash \/ Cleaning"},"content":{"rendered":"<p>[vc_row row_height_percent=\u00a0\u00bb0&Prime; overlay_alpha=\u00a0\u00bb50&Prime; gutter_size=\u00a0\u00bb3&Prime; column_width_percent=\u00a0\u00bb100&Prime; shift_y=\u00a0\u00bb0&Prime; z_index=\u00a0\u00bb0&Prime; css=\u00a0\u00bb.vc_custom_1608722860489{padding-bottom: 50px !important;}\u00a0\u00bb][vc_column column_width_percent=\u00a0\u00bb100&Prime; gutter_size=\u00a0\u00bb3&Prime; overlay_alpha=\u00a0\u00bb50&Prime; shift_x=\u00a0\u00bb0&Prime; shift_y=\u00a0\u00bb0&Prime; shift_y_down=\u00a0\u00bb0&Prime; z_index=\u00a0\u00bb0&Prime; medium_width=\u00a0\u00bb0&Prime; mobile_width=\u00a0\u00bb0&Prime; width=\u00a0\u00bb2\/3&Prime; el_class=\u00a0\u00bbfirst_block\u00a0\u00bb][uncode_breadcrumbs separator=\u00a0\u00bbtriangle\u00a0\u00bb][vc_column_text]<\/p>\n<h4>Notre\u00a0<strong>Lavage camion et Remorque<\/strong><\/h4>\n<p>Depuis 2017, nous vous proposons la possibilit\u00e9 de nettoyer votre v\u00e9hicule sur notre site \u00e0 Furnes.<\/p>\n<p>A disposition:<\/p>\n<ul>\n<li>2 pistes pour le nettoyage ext\u00e9rieur de votre v\u00e9hicule (Truckwash), soit camion, camionnette, (auto)bus<\/li>\n<li>2 pistes pour le lavage int\u00e9rieur de\u00a0 vos remorques (Tankcleaning), soit benne, frigo ou citerne*<\/li>\n<li>4 box self-wash 24\/7 pour les voitures, camionettes et campingcars<\/li>\n<\/ul>\n<p>* Pour le lavage et le s\u00e9chage int\u00e9rieur de vos citernes basculantes, nous pouvons nettoyer 3 cat\u00e9gories de produits : Les polymers, les c\u00e9r\u00e9ales et les mineraux. Une attestation peut toujours \u00eatre servie pour les lavages int\u00e9rieurs.<\/p>\n<p>Nos laveurs sont \u00e0 votre disposition en semaine de 8:00am jusque 18:00pm au Nijverheidsstraat 1, Veurne (\u00e0 cot\u00e9 du Truckstop)<\/p>\n<p>Notre station est certifi\u00e9e SQAS-Cefic et reconnu par EFTCO.<\/p>\n<p>Le paiement par DKV, SNAP, UTA, SHELL, Eurowag, E100 ou carte de cr\u00e9dit est accept\u00e9 (se rendre au Truckstop)<\/p>\n<p>Pour une demande plus sp\u00e9cifique sur nettoyages, vous pouvez toujours nous contacter par mail<\/p>\n<p><a href=\"mailto:cleaning@mattheeuws.com\">cleaning@mattheeuws.com<\/a> , ou en cas urgents par t\u00e9l\u00e9phone +32 493 310 515.<\/p>\n<p>Bienvenue\u00a0!<\/p>\n<p>[\/vc_column_text][vc_single_image media=\u00a0\u00bb2766&Prime; media_width_percent=\u00a0\u00bb100&Prime;][\/vc_column][vc_column column_width_percent=\u00a0\u00bb100&Prime; gutter_size=\u00a0\u00bb3&Prime; overlay_alpha=\u00a0\u00bb50&Prime; shift_x=\u00a0\u00bb0&Prime; shift_y=\u00a0\u00bb0&Prime; shift_y_down=\u00a0\u00bb0&Prime; z_index=\u00a0\u00bb0&Prime; medium_width=\u00a0\u00bb0&Prime; mobile_width=\u00a0\u00bb0&Prime; width=\u00a0\u00bb1\/3&Prime; el_class=\u00a0\u00bbsidebar\u00a0\u00bb][uncode_block id=\u00a0\u00bb2881&Prime; inside_column=\u00a0\u00bbyes\u00a0\u00bb][\/vc_column][\/vc_row]<\/p>\n","protected":false},"excerpt":{"rendered":"<p>[vc_row row_height_percent=\u00a0\u00bb0&Prime; overlay_alpha=\u00a0\u00bb50&Prime; gutter_size=\u00a0\u00bb3&Prime; column_width_percent=\u00a0\u00bb100&Prime; shift_y=\u00a0\u00bb0&Prime; z_index=\u00a0\u00bb0&Prime; css=\u00a0\u00bb.vc_custom_1608722860489{padding-bottom: 50px !important;}\u00a0\u00bb][vc_column column_width_percent=\u00a0\u00bb100&Prime; gutter_size=\u00a0\u00bb3&Prime; overlay_alpha=\u00a0\u00bb50&Prime; shift_x=\u00a0\u00bb0&Prime; shift_y=\u00a0\u00bb0&Prime; shift_y_down=\u00a0\u00bb0&Prime; z_index=\u00a0\u00bb0&Prime; medium_width=\u00a0\u00bb0&Prime; mobile_width=\u00a0\u00bb0&Prime; width=\u00a0\u00bb2\/3&Prime; [&hellip;]<\/p>\n","protected":false},"author":1,"featured_media":3305,"parent":2385,"menu_order":0,"comment_status":"closed","ping_status":"closed","template":"","meta":{"footnotes":""},"class_list":["post-2391","page","type-page","status-publish","has-post-thumbnail","hentry"],"yoast_head":"<!-- This site is optimized with the Yoast SEO plugin v27.0 - https:\/\/yoast.com\/product\/yoast-seo-wordpress\/ -->\n<title>Truckwash \/ Cleaning - Romac Fuels<\/title>\n<meta name=\"robots\" content=\"index, follow, max-snippet:-1, max-image-preview:large, max-video-preview:-1\" \/>\n<link rel=\"canonical\" href=\"https:\/\/www.romacfuels.com\/fr\/service\/truckwash-cleaning\/\" \/>\n<meta property=\"og:locale\" content=\"fr_FR\" \/>\n<meta property=\"og:type\" content=\"article\" \/>\n<meta property=\"og:title\" content=\"Truckwash \/ Cleaning - Romac Fuels\" \/>\n<meta property=\"og:description\" content=\"[vc_row row_height_percent=\u00a0\u00bb0&Prime; overlay_alpha=\u00a0\u00bb50&Prime; gutter_size=\u00a0\u00bb3&Prime; column_width_percent=\u00a0\u00bb100&Prime; shift_y=\u00a0\u00bb0&Prime; z_index=\u00a0\u00bb0&Prime; css=\u00a0\u00bb.vc_custom_1608722860489{padding-bottom: 50px !important;}\u00a0\u00bb][vc_column column_width_percent=\u00a0\u00bb100&Prime; gutter_size=\u00a0\u00bb3&Prime; overlay_alpha=\u00a0\u00bb50&Prime; shift_x=\u00a0\u00bb0&Prime; shift_y=\u00a0\u00bb0&Prime; shift_y_down=\u00a0\u00bb0&Prime; z_index=\u00a0\u00bb0&Prime; medium_width=\u00a0\u00bb0&Prime; mobile_width=\u00a0\u00bb0&Prime; width=\u00a0\u00bb2\/3&Prime; [&hellip;]\" \/>\n<meta property=\"og:url\" content=\"https:\/\/www.romacfuels.com\/fr\/service\/truckwash-cleaning\/\" \/>\n<meta property=\"og:site_name\" content=\"Romac Fuels\" \/>\n<meta property=\"article:modified_time\" content=\"2023-08-17T12:39:57+00:00\" \/>\n<meta property=\"og:image\" content=\"https:\/\/www.romacfuels.com\/wp-content\/uploads\/2021\/07\/truckwash.jpg\" \/>\n\t<meta property=\"og:image:width\" content=\"1600\" \/>\n\t<meta property=\"og:image:height\" content=\"1200\" \/>\n\t<meta property=\"og:image:type\" content=\"image\/jpeg\" \/>\n<meta name=\"twitter:card\" content=\"summary_large_image\" \/>\n<meta name=\"twitter:label1\" content=\"Dur\u00e9e de lecture estim\u00e9e\" \/>\n\t<meta name=\"twitter:data1\" content=\"1 minute\" \/>\n<script type=\"application\/ld+json\" class=\"yoast-schema-graph\">{\"@context\":\"https:\/\/schema.org\",\"@graph\":[{\"@type\":\"WebPage\",\"@id\":\"https:\/\/www.romacfuels.com\/fr\/service\/truckwash-cleaning\/\",\"url\":\"https:\/\/www.romacfuels.com\/fr\/service\/truckwash-cleaning\/\",\"name\":\"Truckwash \/ Cleaning - Romac Fuels\",\"isPartOf\":{\"@id\":\"https:\/\/www.romacfuels.com\/nl\/#website\"},\"primaryImageOfPage\":{\"@id\":\"https:\/\/www.romacfuels.com\/fr\/service\/truckwash-cleaning\/#primaryimage\"},\"image\":{\"@id\":\"https:\/\/www.romacfuels.com\/fr\/service\/truckwash-cleaning\/#primaryimage\"},\"thumbnailUrl\":\"https:\/\/www.romacfuels.com\/wp-content\/uploads\/2025\/10\/header_5.jpg\",\"datePublished\":\"2020-12-21T15:45:53+00:00\",\"dateModified\":\"2023-08-17T12:39:57+00:00\",\"breadcrumb\":{\"@id\":\"https:\/\/www.romacfuels.com\/fr\/service\/truckwash-cleaning\/#breadcrumb\"},\"inLanguage\":\"fr-FR\",\"potentialAction\":[{\"@type\":\"ReadAction\",\"target\":[\"https:\/\/www.romacfuels.com\/fr\/service\/truckwash-cleaning\/\"]}]},{\"@type\":\"ImageObject\",\"inLanguage\":\"fr-FR\",\"@id\":\"https:\/\/www.romacfuels.com\/fr\/service\/truckwash-cleaning\/#primaryimage\",\"url\":\"https:\/\/www.romacfuels.com\/wp-content\/uploads\/2025\/10\/header_5.jpg\",\"contentUrl\":\"https:\/\/www.romacfuels.com\/wp-content\/uploads\/2025\/10\/header_5.jpg\",\"width\":1920,\"height\":805,\"caption\":\"Screenshot\"},{\"@type\":\"BreadcrumbList\",\"@id\":\"https:\/\/www.romacfuels.com\/fr\/service\/truckwash-cleaning\/#breadcrumb\",\"itemListElement\":[{\"@type\":\"ListItem\",\"position\":1,\"name\":\"Home\",\"item\":\"https:\/\/www.romacfuels.com\/fr\/\"},{\"@type\":\"ListItem\",\"position\":2,\"name\":\"Service\",\"item\":\"https:\/\/www.romacfuels.com\/fr\/service\/\"},{\"@type\":\"ListItem\",\"position\":3,\"name\":\"Truckwash \/ Cleaning\"}]},{\"@type\":\"WebSite\",\"@id\":\"https:\/\/www.romacfuels.com\/nl\/#website\",\"url\":\"https:\/\/www.romacfuels.com\/nl\/\",\"name\":\"Romac Fuels\",\"description\":\"\",\"potentialAction\":[{\"@type\":\"SearchAction\",\"target\":{\"@type\":\"EntryPoint\",\"urlTemplate\":\"https:\/\/www.romacfuels.com\/nl\/?s={search_term_string}\"},\"query-input\":{\"@type\":\"PropertyValueSpecification\",\"valueRequired\":true,\"valueName\":\"search_term_string\"}}],\"inLanguage\":\"fr-FR\"}]}<\/script>\n<!-- \/ Yoast SEO plugin. -->","yoast_head_json":{"title":"Truckwash \/ Cleaning - Romac Fuels","robots":{"index":"index","follow":"follow","max-snippet":"max-snippet:-1","max-image-preview":"max-image-preview:large","max-video-preview":"max-video-preview:-1"},"canonical":"https:\/\/www.romacfuels.com\/fr\/service\/truckwash-cleaning\/","og_locale":"fr_FR","og_type":"article","og_title":"Truckwash \/ Cleaning - Romac Fuels","og_description":"[vc_row row_height_percent=\u00a0\u00bb0&Prime; overlay_alpha=\u00a0\u00bb50&Prime; gutter_size=\u00a0\u00bb3&Prime; column_width_percent=\u00a0\u00bb100&Prime; shift_y=\u00a0\u00bb0&Prime; z_index=\u00a0\u00bb0&Prime; css=\u00a0\u00bb.vc_custom_1608722860489{padding-bottom: 50px !important;}\u00a0\u00bb][vc_column column_width_percent=\u00a0\u00bb100&Prime; gutter_size=\u00a0\u00bb3&Prime; overlay_alpha=\u00a0\u00bb50&Prime; shift_x=\u00a0\u00bb0&Prime; shift_y=\u00a0\u00bb0&Prime; shift_y_down=\u00a0\u00bb0&Prime; z_index=\u00a0\u00bb0&Prime; medium_width=\u00a0\u00bb0&Prime; mobile_width=\u00a0\u00bb0&Prime; width=\u00a0\u00bb2\/3&Prime; [&hellip;]","og_url":"https:\/\/www.romacfuels.com\/fr\/service\/truckwash-cleaning\/","og_site_name":"Romac Fuels","article_modified_time":"2023-08-17T12:39:57+00:00","og_image":[{"width":1600,"height":1200,"url":"https:\/\/www.romacfuels.com\/wp-content\/uploads\/2021\/07\/truckwash.jpg","type":"image\/jpeg"}],"twitter_card":"summary_large_image","twitter_misc":{"Dur\u00e9e de lecture estim\u00e9e":"1 minute"},"schema":{"@context":"https:\/\/schema.org","@graph":[{"@type":"WebPage","@id":"https:\/\/www.romacfuels.com\/fr\/service\/truckwash-cleaning\/","url":"https:\/\/www.romacfuels.com\/fr\/service\/truckwash-cleaning\/","name":"Truckwash \/ Cleaning - Romac Fuels","isPartOf":{"@id":"https:\/\/www.romacfuels.com\/nl\/#website"},"primaryImageOfPage":{"@id":"https:\/\/www.romacfuels.com\/fr\/service\/truckwash-cleaning\/#primaryimage"},"image":{"@id":"https:\/\/www.romacfuels.com\/fr\/service\/truckwash-cleaning\/#primaryimage"},"thumbnailUrl":"https:\/\/www.romacfuels.com\/wp-content\/uploads\/2025\/10\/header_5.jpg","datePublished":"2020-12-21T15:45:53+00:00","dateModified":"2023-08-17T12:39:57+00:00","breadcrumb":{"@id":"https:\/\/www.romacfuels.com\/fr\/service\/truckwash-cleaning\/#breadcrumb"},"inLanguage":"fr-FR","potentialAction":[{"@type":"ReadAction","target":["https:\/\/www.romacfuels.com\/fr\/service\/truckwash-cleaning\/"]}]},{"@type":"ImageObject","inLanguage":"fr-FR","@id":"https:\/\/www.romacfuels.com\/fr\/service\/truckwash-cleaning\/#primaryimage","url":"https:\/\/www.romacfuels.com\/wp-content\/uploads\/2025\/10\/header_5.jpg","contentUrl":"https:\/\/www.romacfuels.com\/wp-content\/uploads\/2025\/10\/header_5.jpg","width":1920,"height":805,"caption":"Screenshot"},{"@type":"BreadcrumbList","@id":"https:\/\/www.romacfuels.com\/fr\/service\/truckwash-cleaning\/#breadcrumb","itemListElement":[{"@type":"ListItem","position":1,"name":"Home","item":"https:\/\/www.romacfuels.com\/fr\/"},{"@type":"ListItem","position":2,"name":"Service","item":"https:\/\/www.romacfuels.com\/fr\/service\/"},{"@type":"ListItem","position":3,"name":"Truckwash \/ Cleaning"}]},{"@type":"WebSite","@id":"https:\/\/www.romacfuels.com\/nl\/#website","url":"https:\/\/www.romacfuels.com\/nl\/","name":"Romac Fuels","description":"","potentialAction":[{"@type":"SearchAction","target":{"@type":"EntryPoint","urlTemplate":"https:\/\/www.romacfuels.com\/nl\/?s={search_term_string}"},"query-input":{"@type":"PropertyValueSpecification","valueRequired":true,"valueName":"search_term_string"}}],"inLanguage":"fr-FR"}]}},"_links":{"self":[{"href":"https:\/\/www.romacfuels.com\/fr\/wp-json\/wp\/v2\/pages\/2391","targetHints":{"allow":["GET"]}}],"collection":[{"href":"https:\/\/www.romacfuels.com\/fr\/wp-json\/wp\/v2\/pages"}],"about":[{"href":"https:\/\/www.romacfuels.com\/fr\/wp-json\/wp\/v2\/types\/page"}],"author":[{"embeddable":true,"href":"https:\/\/www.romacfuels.com\/fr\/wp-json\/wp\/v2\/users\/1"}],"replies":[{"embeddable":true,"href":"https:\/\/www.romacfuels.com\/fr\/wp-json\/wp\/v2\/comments?post=2391"}],"version-history":[{"count":8,"href":"https:\/\/www.romacfuels.com\/fr\/wp-json\/wp\/v2\/pages\/2391\/revisions"}],"predecessor-version":[{"id":3225,"href":"https:\/\/www.romacfuels.com\/fr\/wp-json\/wp\/v2\/pages\/2391\/revisions\/3225"}],"up":[{"embeddable":true,"href":"https:\/\/www.romacfuels.com\/fr\/wp-json\/wp\/v2\/pages\/2385"}],"wp:featuredmedia":[{"embeddable":true,"href":"https:\/\/www.romacfuels.com\/fr\/wp-json\/wp\/v2\/media\/3305"}],"wp:attachment":[{"href":"https:\/\/www.romacfuels.com\/fr\/wp-json\/wp\/v2\/media?parent=2391"}],"curies":[{"name":"wp","href":"https:\/\/api.w.org\/{rel}","templated":true}]}}