{"id":2402,"date":"2020-12-21T16:45:42","date_gmt":"2020-12-21T15:45:42","guid":{"rendered":"https:\/\/www.romacfuels.com\/?page_id=2402"},"modified":"2025-10-22T08:45:36","modified_gmt":"2025-10-22T06:45:36","slug":"fuelcard-eu-lng-cng","status":"publish","type":"page","link":"https:\/\/www.romacfuels.com\/fr\/service\/fuelcard-eu-lng-cng\/","title":{"rendered":"Fuelcard EU LNG \/ CNG"},"content":{"rendered":"<p>[vc_row row_height_percent=\u00a0\u00bb0&Prime; overlay_alpha=\u00a0\u00bb50&Prime; gutter_size=\u00a0\u00bb3&Prime; column_width_percent=\u00a0\u00bb100&Prime; shift_y=\u00a0\u00bb0&Prime; z_index=\u00a0\u00bb0&Prime; css=\u00a0\u00bb.vc_custom_1608722860489{padding-bottom: 50px !important;}\u00a0\u00bb][vc_column column_width_percent=\u00a0\u00bb100&Prime; gutter_size=\u00a0\u00bb3&Prime; overlay_alpha=\u00a0\u00bb50&Prime; shift_x=\u00a0\u00bb0&Prime; shift_y=\u00a0\u00bb0&Prime; shift_y_down=\u00a0\u00bb0&Prime; z_index=\u00a0\u00bb0&Prime; medium_width=\u00a0\u00bb0&Prime; mobile_width=\u00a0\u00bb0&Prime; width=\u00a0\u00bb2\/3&Prime; el_class=\u00a0\u00bbfirst_block\u00a0\u00bb][uncode_breadcrumbs separator=\u00a0\u00bbtriangle\u00a0\u00bb][vc_column_text]Obtenez du carburant 24\/7 avec des paiements sans esp\u00e8ces en utilisant une carte de flotte Romac Fuels Gas.<\/p>\n<p><strong>Pourquoi?<\/strong>[\/vc_column_text][uncode_list icon=\u00a0\u00bbfa fa-check\u00a0\u00bb icon_color=\u00a0\u00bbcolor-165843&Prime;]<\/p>\n<ul>\n<li>Facile \u00e0 utiliser<\/li>\n<li>Facile \u00e0 g\u00e9rer les d\u00e9penses et \u00e0 planifier les co\u00fbts op\u00e9rationnels et les d\u00e9placements<\/li>\n<li>Les transactions sont s\u00e9curis\u00e9es et s\u00e9curis\u00e9es via un code PIN individuel.<\/li>\n<li>Les rapports sur les transactions garantissent la transparence et une collaboration facile.<\/li>\n<li>Gratuit \/ sans frais<\/li>\n<li>Accept\u00e9 dans toutes les stations-service de Romac\u00a0Fuels et de ses partenaires<\/li>\n<\/ul>\n<p>[\/uncode_list][vc_column_text]<strong>Les moyens les plus simples d&rsquo;obtenir une carte de carburant<\/strong><\/p>\n<ul>\n<li>Email: info@romacfuels.com<\/li>\n<li>Remplissez le formulaire sur <span style=\"text-decoration: underline;\"><a href=\"https:\/\/www.romacfuels.com\/nl\/contact\/klant-worden-particulier\/\">cette page<\/a><\/span><\/li>\n<\/ul>\n<p>T\u00e9l\u00e9chargez l&rsquo;application gratuite sur Android et IOS[\/vc_column_text][vc_row_inner][vc_column_inner width=\u00a0\u00bb1\/4&Prime;][\/vc_column_inner][vc_column_inner width=\u00a0\u00bb1\/4&Prime;][vc_single_image media=\u00a0\u00bb3162&Prime; media_width_percent=\u00a0\u00bb100&Prime; media_link=\u00a0\u00bburl:https%3A%2F%2Fapps.apple.com%2Fbe%2Fapp%2Fromac-fuels-map%2Fid1574380526|title:Romac%20Fuels%20App%20-%20App%20Store|target:_blank\u00a0\u00bb][\/vc_column_inner][vc_column_inner width=\u00a0\u00bb1\/4&Prime;][vc_single_image media=\u00a0\u00bb3165&Prime; media_width_percent=\u00a0\u00bb100&Prime; media_link=\u00a0\u00bburl:https%3A%2F%2Fplay.google.com%2Fstore%2Fapps%2Fdetails%3Fid%3Dcom.romacfuels.romacfuels%26hl%3Dnl%26gl%3DUS|title:Romac%20Fuels%20App%20-%20Google%20Play|target:_blank\u00a0\u00bb][\/vc_column_inner][vc_column_inner width=\u00a0\u00bb1\/4&Prime;][\/vc_column_inner][\/vc_row_inner][vc_single_image media=\u00a0\u00bb3033&Prime; media_width_percent=\u00a0\u00bb100&Prime;][\/vc_column][vc_column column_width_percent=\u00a0\u00bb100&Prime; gutter_size=\u00a0\u00bb3&Prime; overlay_alpha=\u00a0\u00bb50&Prime; shift_x=\u00a0\u00bb0&Prime; shift_y=\u00a0\u00bb0&Prime; shift_y_down=\u00a0\u00bb0&Prime; z_index=\u00a0\u00bb0&Prime; medium_width=\u00a0\u00bb0&Prime; mobile_width=\u00a0\u00bb0&Prime; width=\u00a0\u00bb1\/3&Prime; el_class=\u00a0\u00bbsidebar\u00a0\u00bb][uncode_block id=\u00a0\u00bb623&Prime; inside_column=\u00a0\u00bbyes\u00a0\u00bb][\/vc_column][\/vc_row]<\/p>\n","protected":false},"excerpt":{"rendered":"<p>[vc_row row_height_percent=\u00a0\u00bb0&Prime; overlay_alpha=\u00a0\u00bb50&Prime; gutter_size=\u00a0\u00bb3&Prime; column_width_percent=\u00a0\u00bb100&Prime; shift_y=\u00a0\u00bb0&Prime; z_index=\u00a0\u00bb0&Prime; css=\u00a0\u00bb.vc_custom_1608722860489{padding-bottom: 50px !important;}\u00a0\u00bb][vc_column column_width_percent=\u00a0\u00bb100&Prime; gutter_size=\u00a0\u00bb3&Prime; overlay_alpha=\u00a0\u00bb50&Prime; shift_x=\u00a0\u00bb0&Prime; shift_y=\u00a0\u00bb0&Prime; shift_y_down=\u00a0\u00bb0&Prime; z_index=\u00a0\u00bb0&Prime; medium_width=\u00a0\u00bb0&Prime; mobile_width=\u00a0\u00bb0&Prime; width=\u00a0\u00bb2\/3&Prime; [&hellip;]<\/p>\n","protected":false},"author":1,"featured_media":3357,"parent":2385,"menu_order":0,"comment_status":"closed","ping_status":"closed","template":"","meta":{"footnotes":""},"class_list":["post-2402","page","type-page","status-publish","has-post-thumbnail","hentry"],"yoast_head":"<!-- This site is optimized with the Yoast SEO plugin v27.0 - https:\/\/yoast.com\/product\/yoast-seo-wordpress\/ -->\n<title>Fuelcard EU LNG \/ CNG - Romac Fuels<\/title>\n<meta name=\"robots\" content=\"index, follow, max-snippet:-1, max-image-preview:large, max-video-preview:-1\" \/>\n<link rel=\"canonical\" href=\"https:\/\/www.romacfuels.com\/fr\/service\/fuelcard-eu-lng-cng\/\" \/>\n<meta property=\"og:locale\" content=\"fr_FR\" \/>\n<meta property=\"og:type\" content=\"article\" \/>\n<meta property=\"og:title\" content=\"Fuelcard EU LNG \/ CNG - Romac Fuels\" \/>\n<meta property=\"og:description\" content=\"[vc_row row_height_percent=\u00a0\u00bb0&Prime; overlay_alpha=\u00a0\u00bb50&Prime; gutter_size=\u00a0\u00bb3&Prime; column_width_percent=\u00a0\u00bb100&Prime; shift_y=\u00a0\u00bb0&Prime; z_index=\u00a0\u00bb0&Prime; css=\u00a0\u00bb.vc_custom_1608722860489{padding-bottom: 50px !important;}\u00a0\u00bb][vc_column column_width_percent=\u00a0\u00bb100&Prime; gutter_size=\u00a0\u00bb3&Prime; overlay_alpha=\u00a0\u00bb50&Prime; shift_x=\u00a0\u00bb0&Prime; shift_y=\u00a0\u00bb0&Prime; shift_y_down=\u00a0\u00bb0&Prime; z_index=\u00a0\u00bb0&Prime; medium_width=\u00a0\u00bb0&Prime; mobile_width=\u00a0\u00bb0&Prime; width=\u00a0\u00bb2\/3&Prime; [&hellip;]\" \/>\n<meta property=\"og:url\" content=\"https:\/\/www.romacfuels.com\/fr\/service\/fuelcard-eu-lng-cng\/\" \/>\n<meta property=\"og:site_name\" content=\"Romac Fuels\" \/>\n<meta property=\"article:modified_time\" content=\"2025-10-22T06:45:36+00:00\" \/>\n<meta property=\"og:image\" content=\"https:\/\/www.romacfuels.com\/wp-content\/uploads\/2025\/10\/header_22.jpg\" \/>\n\t<meta property=\"og:image:width\" content=\"1920\" \/>\n\t<meta property=\"og:image:height\" content=\"805\" \/>\n\t<meta property=\"og:image:type\" content=\"image\/jpeg\" \/>\n<meta name=\"twitter:card\" content=\"summary_large_image\" \/>\n<meta name=\"twitter:label1\" content=\"Dur\u00e9e de lecture estim\u00e9e\" \/>\n\t<meta name=\"twitter:data1\" content=\"1 minute\" \/>\n<script type=\"application\/ld+json\" class=\"yoast-schema-graph\">{\"@context\":\"https:\/\/schema.org\",\"@graph\":[{\"@type\":\"WebPage\",\"@id\":\"https:\/\/www.romacfuels.com\/fr\/service\/fuelcard-eu-lng-cng\/\",\"url\":\"https:\/\/www.romacfuels.com\/fr\/service\/fuelcard-eu-lng-cng\/\",\"name\":\"Fuelcard EU LNG \/ CNG - Romac Fuels\",\"isPartOf\":{\"@id\":\"https:\/\/www.romacfuels.com\/nl\/#website\"},\"primaryImageOfPage\":{\"@id\":\"https:\/\/www.romacfuels.com\/fr\/service\/fuelcard-eu-lng-cng\/#primaryimage\"},\"image\":{\"@id\":\"https:\/\/www.romacfuels.com\/fr\/service\/fuelcard-eu-lng-cng\/#primaryimage\"},\"thumbnailUrl\":\"https:\/\/www.romacfuels.com\/wp-content\/uploads\/2025\/10\/header_22.jpg\",\"datePublished\":\"2020-12-21T15:45:42+00:00\",\"dateModified\":\"2025-10-22T06:45:36+00:00\",\"breadcrumb\":{\"@id\":\"https:\/\/www.romacfuels.com\/fr\/service\/fuelcard-eu-lng-cng\/#breadcrumb\"},\"inLanguage\":\"fr-FR\",\"potentialAction\":[{\"@type\":\"ReadAction\",\"target\":[\"https:\/\/www.romacfuels.com\/fr\/service\/fuelcard-eu-lng-cng\/\"]}]},{\"@type\":\"ImageObject\",\"inLanguage\":\"fr-FR\",\"@id\":\"https:\/\/www.romacfuels.com\/fr\/service\/fuelcard-eu-lng-cng\/#primaryimage\",\"url\":\"https:\/\/www.romacfuels.com\/wp-content\/uploads\/2025\/10\/header_22.jpg\",\"contentUrl\":\"https:\/\/www.romacfuels.com\/wp-content\/uploads\/2025\/10\/header_22.jpg\",\"width\":1920,\"height\":805,\"caption\":\"Screenshot\"},{\"@type\":\"BreadcrumbList\",\"@id\":\"https:\/\/www.romacfuels.com\/fr\/service\/fuelcard-eu-lng-cng\/#breadcrumb\",\"itemListElement\":[{\"@type\":\"ListItem\",\"position\":1,\"name\":\"Home\",\"item\":\"https:\/\/www.romacfuels.com\/fr\/\"},{\"@type\":\"ListItem\",\"position\":2,\"name\":\"Service\",\"item\":\"https:\/\/www.romacfuels.com\/fr\/service\/\"},{\"@type\":\"ListItem\",\"position\":3,\"name\":\"Fuelcard EU LNG \/ CNG\"}]},{\"@type\":\"WebSite\",\"@id\":\"https:\/\/www.romacfuels.com\/nl\/#website\",\"url\":\"https:\/\/www.romacfuels.com\/nl\/\",\"name\":\"Romac Fuels\",\"description\":\"\",\"potentialAction\":[{\"@type\":\"SearchAction\",\"target\":{\"@type\":\"EntryPoint\",\"urlTemplate\":\"https:\/\/www.romacfuels.com\/nl\/?s={search_term_string}\"},\"query-input\":{\"@type\":\"PropertyValueSpecification\",\"valueRequired\":true,\"valueName\":\"search_term_string\"}}],\"inLanguage\":\"fr-FR\"}]}<\/script>\n<!-- \/ Yoast SEO plugin. -->","yoast_head_json":{"title":"Fuelcard EU LNG \/ CNG - Romac Fuels","robots":{"index":"index","follow":"follow","max-snippet":"max-snippet:-1","max-image-preview":"max-image-preview:large","max-video-preview":"max-video-preview:-1"},"canonical":"https:\/\/www.romacfuels.com\/fr\/service\/fuelcard-eu-lng-cng\/","og_locale":"fr_FR","og_type":"article","og_title":"Fuelcard EU LNG \/ CNG - Romac Fuels","og_description":"[vc_row row_height_percent=\u00a0\u00bb0&Prime; overlay_alpha=\u00a0\u00bb50&Prime; gutter_size=\u00a0\u00bb3&Prime; column_width_percent=\u00a0\u00bb100&Prime; shift_y=\u00a0\u00bb0&Prime; z_index=\u00a0\u00bb0&Prime; css=\u00a0\u00bb.vc_custom_1608722860489{padding-bottom: 50px !important;}\u00a0\u00bb][vc_column column_width_percent=\u00a0\u00bb100&Prime; gutter_size=\u00a0\u00bb3&Prime; overlay_alpha=\u00a0\u00bb50&Prime; shift_x=\u00a0\u00bb0&Prime; shift_y=\u00a0\u00bb0&Prime; shift_y_down=\u00a0\u00bb0&Prime; z_index=\u00a0\u00bb0&Prime; medium_width=\u00a0\u00bb0&Prime; mobile_width=\u00a0\u00bb0&Prime; width=\u00a0\u00bb2\/3&Prime; [&hellip;]","og_url":"https:\/\/www.romacfuels.com\/fr\/service\/fuelcard-eu-lng-cng\/","og_site_name":"Romac Fuels","article_modified_time":"2025-10-22T06:45:36+00:00","og_image":[{"width":1920,"height":805,"url":"https:\/\/www.romacfuels.com\/wp-content\/uploads\/2025\/10\/header_22.jpg","type":"image\/jpeg"}],"twitter_card":"summary_large_image","twitter_misc":{"Dur\u00e9e de lecture estim\u00e9e":"1 minute"},"schema":{"@context":"https:\/\/schema.org","@graph":[{"@type":"WebPage","@id":"https:\/\/www.romacfuels.com\/fr\/service\/fuelcard-eu-lng-cng\/","url":"https:\/\/www.romacfuels.com\/fr\/service\/fuelcard-eu-lng-cng\/","name":"Fuelcard EU LNG \/ CNG - Romac Fuels","isPartOf":{"@id":"https:\/\/www.romacfuels.com\/nl\/#website"},"primaryImageOfPage":{"@id":"https:\/\/www.romacfuels.com\/fr\/service\/fuelcard-eu-lng-cng\/#primaryimage"},"image":{"@id":"https:\/\/www.romacfuels.com\/fr\/service\/fuelcard-eu-lng-cng\/#primaryimage"},"thumbnailUrl":"https:\/\/www.romacfuels.com\/wp-content\/uploads\/2025\/10\/header_22.jpg","datePublished":"2020-12-21T15:45:42+00:00","dateModified":"2025-10-22T06:45:36+00:00","breadcrumb":{"@id":"https:\/\/www.romacfuels.com\/fr\/service\/fuelcard-eu-lng-cng\/#breadcrumb"},"inLanguage":"fr-FR","potentialAction":[{"@type":"ReadAction","target":["https:\/\/www.romacfuels.com\/fr\/service\/fuelcard-eu-lng-cng\/"]}]},{"@type":"ImageObject","inLanguage":"fr-FR","@id":"https:\/\/www.romacfuels.com\/fr\/service\/fuelcard-eu-lng-cng\/#primaryimage","url":"https:\/\/www.romacfuels.com\/wp-content\/uploads\/2025\/10\/header_22.jpg","contentUrl":"https:\/\/www.romacfuels.com\/wp-content\/uploads\/2025\/10\/header_22.jpg","width":1920,"height":805,"caption":"Screenshot"},{"@type":"BreadcrumbList","@id":"https:\/\/www.romacfuels.com\/fr\/service\/fuelcard-eu-lng-cng\/#breadcrumb","itemListElement":[{"@type":"ListItem","position":1,"name":"Home","item":"https:\/\/www.romacfuels.com\/fr\/"},{"@type":"ListItem","position":2,"name":"Service","item":"https:\/\/www.romacfuels.com\/fr\/service\/"},{"@type":"ListItem","position":3,"name":"Fuelcard EU LNG \/ CNG"}]},{"@type":"WebSite","@id":"https:\/\/www.romacfuels.com\/nl\/#website","url":"https:\/\/www.romacfuels.com\/nl\/","name":"Romac Fuels","description":"","potentialAction":[{"@type":"SearchAction","target":{"@type":"EntryPoint","urlTemplate":"https:\/\/www.romacfuels.com\/nl\/?s={search_term_string}"},"query-input":{"@type":"PropertyValueSpecification","valueRequired":true,"valueName":"search_term_string"}}],"inLanguage":"fr-FR"}]}},"_links":{"self":[{"href":"https:\/\/www.romacfuels.com\/fr\/wp-json\/wp\/v2\/pages\/2402","targetHints":{"allow":["GET"]}}],"collection":[{"href":"https:\/\/www.romacfuels.com\/fr\/wp-json\/wp\/v2\/pages"}],"about":[{"href":"https:\/\/www.romacfuels.com\/fr\/wp-json\/wp\/v2\/types\/page"}],"author":[{"embeddable":true,"href":"https:\/\/www.romacfuels.com\/fr\/wp-json\/wp\/v2\/users\/1"}],"replies":[{"embeddable":true,"href":"https:\/\/www.romacfuels.com\/fr\/wp-json\/wp\/v2\/comments?post=2402"}],"version-history":[{"count":12,"href":"https:\/\/www.romacfuels.com\/fr\/wp-json\/wp\/v2\/pages\/2402\/revisions"}],"predecessor-version":[{"id":3417,"href":"https:\/\/www.romacfuels.com\/fr\/wp-json\/wp\/v2\/pages\/2402\/revisions\/3417"}],"up":[{"embeddable":true,"href":"https:\/\/www.romacfuels.com\/fr\/wp-json\/wp\/v2\/pages\/2385"}],"wp:featuredmedia":[{"embeddable":true,"href":"https:\/\/www.romacfuels.com\/fr\/wp-json\/wp\/v2\/media\/3357"}],"wp:attachment":[{"href":"https:\/\/www.romacfuels.com\/fr\/wp-json\/wp\/v2\/media?parent=2402"}],"curies":[{"name":"wp","href":"https:\/\/api.w.org\/{rel}","templated":true}]}}