{"id":2428,"date":"2021-03-03T21:53:29","date_gmt":"2021-03-03T20:53:29","guid":{"rendered":"https:\/\/www.romacfuels.com\/?page_id=2428"},"modified":"2021-06-02T14:42:25","modified_gmt":"2021-06-02T12:42:25","slug":"jobs","status":"publish","type":"page","link":"https:\/\/www.romacfuels.com\/fr\/jobs\/","title":{"rendered":"Jobs"},"content":{"rendered":"<p>[vc_row row_height_percent=\u00a0\u00bb0&Prime; overlay_alpha=\u00a0\u00bb50&Prime; gutter_size=\u00a0\u00bb3&Prime; column_width_percent=\u00a0\u00bb100&Prime; shift_y=\u00a0\u00bb0&Prime; z_index=\u00a0\u00bb0&Prime;][vc_column column_width_percent=\u00a0\u00bb100&Prime; gutter_size=\u00a0\u00bb2&Prime; overlay_alpha=\u00a0\u00bb50&Prime; shift_x=\u00a0\u00bb0&Prime; shift_y=\u00a0\u00bb0&Prime; shift_y_down=\u00a0\u00bb0&Prime; z_index=\u00a0\u00bb0&Prime; medium_width=\u00a0\u00bb0&Prime; mobile_width=\u00a0\u00bb0&Prime; width=\u00a0\u00bb2\/3&Prime; el_class=\u00a0\u00bbfirst_block\u00a0\u00bb][uncode_breadcrumbs separator=\u00a0\u00bbtriangle\u00a0\u00bb][vc_column_text]<\/p>\n<h2>Devenez notre coll\u00e8gue<\/h2>\n<p>Vous trouverez ci-dessous les postes vacants les plus r\u00e9cents. N&rsquo;h\u00e9sitez pas \u00e0 nous contacter.[\/vc_column_text][uncode_index el_id=\u00a0\u00bbindex-195396&Prime; loop=\u00a0\u00bbsize:All|order_by:date|post_type:vacature|taxonomy_count:10&Prime; gutter_size=\u00a0\u00bb3&Prime; vacature_items=\u00a0\u00bbtitle,text|excerpt\u00a0\u00bb screen_lg=\u00a0\u00bb0&Prime; screen_md=\u00a0\u00bb0&Prime; screen_sm=\u00a0\u00bb0&Prime; single_width=\u00a0\u00bb12&Prime; single_back_color=\u00a0\u00bbcolor-737473&Prime; single_overlay_opacity=\u00a0\u00bb50&Prime; single_padding=\u00a0\u00bb2&Prime;][\/vc_column][vc_column column_width_percent=\u00a0\u00bb100&Prime; gutter_size=\u00a0\u00bb3&Prime; overlay_alpha=\u00a0\u00bb50&Prime; shift_x=\u00a0\u00bb0&Prime; shift_y=\u00a0\u00bb0&Prime; shift_y_down=\u00a0\u00bb0&Prime; z_index=\u00a0\u00bb0&Prime; medium_width=\u00a0\u00bb0&Prime; mobile_width=\u00a0\u00bb0&Prime; width=\u00a0\u00bb1\/3&Prime; el_class=\u00a0\u00bbsidebar\u00a0\u00bb][uncode_block id=\u00a0\u00bb924&Prime; inside_column=\u00a0\u00bbyes\u00a0\u00bb][\/vc_column][\/vc_row]<\/p>\n","protected":false},"excerpt":{"rendered":"<p>[vc_row row_height_percent=\u00a0\u00bb0&Prime; overlay_alpha=\u00a0\u00bb50&Prime; gutter_size=\u00a0\u00bb3&Prime; column_width_percent=\u00a0\u00bb100&Prime; shift_y=\u00a0\u00bb0&Prime; z_index=\u00a0\u00bb0&Prime;][vc_column column_width_percent=\u00a0\u00bb100&Prime; gutter_size=\u00a0\u00bb2&Prime; overlay_alpha=\u00a0\u00bb50&Prime; shift_x=\u00a0\u00bb0&Prime; shift_y=\u00a0\u00bb0&Prime; shift_y_down=\u00a0\u00bb0&Prime; z_index=\u00a0\u00bb0&Prime; medium_width=\u00a0\u00bb0&Prime; mobile_width=\u00a0\u00bb0&Prime; width=\u00a0\u00bb2\/3&Prime; el_class=\u00a0\u00bbfirst_block\u00a0\u00bb][uncode_breadcrumbs separator=\u00a0\u00bbtriangle\u00a0\u00bb][vc_column_text] Devenez [&hellip;]<\/p>\n","protected":false},"author":1,"featured_media":3296,"parent":0,"menu_order":0,"comment_status":"closed","ping_status":"closed","template":"","meta":{"footnotes":""},"class_list":["post-2428","page","type-page","status-publish","has-post-thumbnail","hentry"],"yoast_head":"<!-- This site is optimized with the Yoast SEO plugin v27.0 - https:\/\/yoast.com\/product\/yoast-seo-wordpress\/ -->\n<title>Jobs - Romac Fuels<\/title>\n<meta name=\"robots\" content=\"index, follow, max-snippet:-1, max-image-preview:large, max-video-preview:-1\" \/>\n<link rel=\"canonical\" href=\"https:\/\/www.romacfuels.com\/fr\/jobs\/\" \/>\n<meta property=\"og:locale\" content=\"fr_FR\" \/>\n<meta property=\"og:type\" content=\"article\" \/>\n<meta property=\"og:title\" content=\"Jobs - Romac Fuels\" \/>\n<meta property=\"og:description\" content=\"[vc_row row_height_percent=\u00a0\u00bb0&Prime; overlay_alpha=\u00a0\u00bb50&Prime; gutter_size=\u00a0\u00bb3&Prime; column_width_percent=\u00a0\u00bb100&Prime; shift_y=\u00a0\u00bb0&Prime; z_index=\u00a0\u00bb0&Prime;][vc_column column_width_percent=\u00a0\u00bb100&Prime; gutter_size=\u00a0\u00bb2&Prime; overlay_alpha=\u00a0\u00bb50&Prime; shift_x=\u00a0\u00bb0&Prime; shift_y=\u00a0\u00bb0&Prime; shift_y_down=\u00a0\u00bb0&Prime; z_index=\u00a0\u00bb0&Prime; medium_width=\u00a0\u00bb0&Prime; mobile_width=\u00a0\u00bb0&Prime; width=\u00a0\u00bb2\/3&Prime; el_class=\u00a0\u00bbfirst_block\u00a0\u00bb][uncode_breadcrumbs separator=\u00a0\u00bbtriangle\u00a0\u00bb][vc_column_text] Devenez [&hellip;]\" \/>\n<meta property=\"og:url\" content=\"https:\/\/www.romacfuels.com\/fr\/jobs\/\" \/>\n<meta property=\"og:site_name\" content=\"Romac Fuels\" \/>\n<meta property=\"article:modified_time\" content=\"2021-06-02T12:42:25+00:00\" \/>\n<meta property=\"og:image\" content=\"https:\/\/www.romacfuels.com\/wp-content\/uploads\/2021\/02\/header_15.jpg\" \/>\n\t<meta property=\"og:image:width\" content=\"1700\" \/>\n\t<meta property=\"og:image:height\" content=\"422\" \/>\n\t<meta property=\"og:image:type\" content=\"image\/jpeg\" \/>\n<meta name=\"twitter:card\" content=\"summary_large_image\" \/>\n<meta name=\"twitter:label1\" content=\"Dur\u00e9e de lecture estim\u00e9e\" \/>\n\t<meta name=\"twitter:data1\" content=\"1 minute\" \/>\n<script type=\"application\/ld+json\" class=\"yoast-schema-graph\">{\"@context\":\"https:\/\/schema.org\",\"@graph\":[{\"@type\":\"WebPage\",\"@id\":\"https:\/\/www.romacfuels.com\/fr\/jobs\/\",\"url\":\"https:\/\/www.romacfuels.com\/fr\/jobs\/\",\"name\":\"Jobs - Romac Fuels\",\"isPartOf\":{\"@id\":\"https:\/\/www.romacfuels.com\/nl\/#website\"},\"primaryImageOfPage\":{\"@id\":\"https:\/\/www.romacfuels.com\/fr\/jobs\/#primaryimage\"},\"image\":{\"@id\":\"https:\/\/www.romacfuels.com\/fr\/jobs\/#primaryimage\"},\"thumbnailUrl\":\"https:\/\/www.romacfuels.com\/wp-content\/uploads\/2025\/10\/header_2.jpg\",\"datePublished\":\"2021-03-03T20:53:29+00:00\",\"dateModified\":\"2021-06-02T12:42:25+00:00\",\"breadcrumb\":{\"@id\":\"https:\/\/www.romacfuels.com\/fr\/jobs\/#breadcrumb\"},\"inLanguage\":\"fr-FR\",\"potentialAction\":[{\"@type\":\"ReadAction\",\"target\":[\"https:\/\/www.romacfuels.com\/fr\/jobs\/\"]}]},{\"@type\":\"ImageObject\",\"inLanguage\":\"fr-FR\",\"@id\":\"https:\/\/www.romacfuels.com\/fr\/jobs\/#primaryimage\",\"url\":\"https:\/\/www.romacfuels.com\/wp-content\/uploads\/2025\/10\/header_2.jpg\",\"contentUrl\":\"https:\/\/www.romacfuels.com\/wp-content\/uploads\/2025\/10\/header_2.jpg\",\"width\":1920,\"height\":805,\"caption\":\"Screenshot\"},{\"@type\":\"BreadcrumbList\",\"@id\":\"https:\/\/www.romacfuels.com\/fr\/jobs\/#breadcrumb\",\"itemListElement\":[{\"@type\":\"ListItem\",\"position\":1,\"name\":\"Home\",\"item\":\"https:\/\/www.romacfuels.com\/fr\/\"},{\"@type\":\"ListItem\",\"position\":2,\"name\":\"Jobs\"}]},{\"@type\":\"WebSite\",\"@id\":\"https:\/\/www.romacfuels.com\/nl\/#website\",\"url\":\"https:\/\/www.romacfuels.com\/nl\/\",\"name\":\"Romac Fuels\",\"description\":\"\",\"potentialAction\":[{\"@type\":\"SearchAction\",\"target\":{\"@type\":\"EntryPoint\",\"urlTemplate\":\"https:\/\/www.romacfuels.com\/nl\/?s={search_term_string}\"},\"query-input\":{\"@type\":\"PropertyValueSpecification\",\"valueRequired\":true,\"valueName\":\"search_term_string\"}}],\"inLanguage\":\"fr-FR\"}]}<\/script>\n<!-- \/ Yoast SEO plugin. -->","yoast_head_json":{"title":"Jobs - Romac Fuels","robots":{"index":"index","follow":"follow","max-snippet":"max-snippet:-1","max-image-preview":"max-image-preview:large","max-video-preview":"max-video-preview:-1"},"canonical":"https:\/\/www.romacfuels.com\/fr\/jobs\/","og_locale":"fr_FR","og_type":"article","og_title":"Jobs - Romac Fuels","og_description":"[vc_row row_height_percent=\u00a0\u00bb0&Prime; overlay_alpha=\u00a0\u00bb50&Prime; gutter_size=\u00a0\u00bb3&Prime; column_width_percent=\u00a0\u00bb100&Prime; shift_y=\u00a0\u00bb0&Prime; z_index=\u00a0\u00bb0&Prime;][vc_column column_width_percent=\u00a0\u00bb100&Prime; gutter_size=\u00a0\u00bb2&Prime; overlay_alpha=\u00a0\u00bb50&Prime; shift_x=\u00a0\u00bb0&Prime; shift_y=\u00a0\u00bb0&Prime; shift_y_down=\u00a0\u00bb0&Prime; z_index=\u00a0\u00bb0&Prime; medium_width=\u00a0\u00bb0&Prime; mobile_width=\u00a0\u00bb0&Prime; width=\u00a0\u00bb2\/3&Prime; el_class=\u00a0\u00bbfirst_block\u00a0\u00bb][uncode_breadcrumbs separator=\u00a0\u00bbtriangle\u00a0\u00bb][vc_column_text] Devenez [&hellip;]","og_url":"https:\/\/www.romacfuels.com\/fr\/jobs\/","og_site_name":"Romac Fuels","article_modified_time":"2021-06-02T12:42:25+00:00","og_image":[{"width":1700,"height":422,"url":"https:\/\/www.romacfuels.com\/wp-content\/uploads\/2021\/02\/header_15.jpg","type":"image\/jpeg"}],"twitter_card":"summary_large_image","twitter_misc":{"Dur\u00e9e de lecture estim\u00e9e":"1 minute"},"schema":{"@context":"https:\/\/schema.org","@graph":[{"@type":"WebPage","@id":"https:\/\/www.romacfuels.com\/fr\/jobs\/","url":"https:\/\/www.romacfuels.com\/fr\/jobs\/","name":"Jobs - Romac Fuels","isPartOf":{"@id":"https:\/\/www.romacfuels.com\/nl\/#website"},"primaryImageOfPage":{"@id":"https:\/\/www.romacfuels.com\/fr\/jobs\/#primaryimage"},"image":{"@id":"https:\/\/www.romacfuels.com\/fr\/jobs\/#primaryimage"},"thumbnailUrl":"https:\/\/www.romacfuels.com\/wp-content\/uploads\/2025\/10\/header_2.jpg","datePublished":"2021-03-03T20:53:29+00:00","dateModified":"2021-06-02T12:42:25+00:00","breadcrumb":{"@id":"https:\/\/www.romacfuels.com\/fr\/jobs\/#breadcrumb"},"inLanguage":"fr-FR","potentialAction":[{"@type":"ReadAction","target":["https:\/\/www.romacfuels.com\/fr\/jobs\/"]}]},{"@type":"ImageObject","inLanguage":"fr-FR","@id":"https:\/\/www.romacfuels.com\/fr\/jobs\/#primaryimage","url":"https:\/\/www.romacfuels.com\/wp-content\/uploads\/2025\/10\/header_2.jpg","contentUrl":"https:\/\/www.romacfuels.com\/wp-content\/uploads\/2025\/10\/header_2.jpg","width":1920,"height":805,"caption":"Screenshot"},{"@type":"BreadcrumbList","@id":"https:\/\/www.romacfuels.com\/fr\/jobs\/#breadcrumb","itemListElement":[{"@type":"ListItem","position":1,"name":"Home","item":"https:\/\/www.romacfuels.com\/fr\/"},{"@type":"ListItem","position":2,"name":"Jobs"}]},{"@type":"WebSite","@id":"https:\/\/www.romacfuels.com\/nl\/#website","url":"https:\/\/www.romacfuels.com\/nl\/","name":"Romac Fuels","description":"","potentialAction":[{"@type":"SearchAction","target":{"@type":"EntryPoint","urlTemplate":"https:\/\/www.romacfuels.com\/nl\/?s={search_term_string}"},"query-input":{"@type":"PropertyValueSpecification","valueRequired":true,"valueName":"search_term_string"}}],"inLanguage":"fr-FR"}]}},"_links":{"self":[{"href":"https:\/\/www.romacfuels.com\/fr\/wp-json\/wp\/v2\/pages\/2428","targetHints":{"allow":["GET"]}}],"collection":[{"href":"https:\/\/www.romacfuels.com\/fr\/wp-json\/wp\/v2\/pages"}],"about":[{"href":"https:\/\/www.romacfuels.com\/fr\/wp-json\/wp\/v2\/types\/page"}],"author":[{"embeddable":true,"href":"https:\/\/www.romacfuels.com\/fr\/wp-json\/wp\/v2\/users\/1"}],"replies":[{"embeddable":true,"href":"https:\/\/www.romacfuels.com\/fr\/wp-json\/wp\/v2\/comments?post=2428"}],"version-history":[{"count":2,"href":"https:\/\/www.romacfuels.com\/fr\/wp-json\/wp\/v2\/pages\/2428\/revisions"}],"predecessor-version":[{"id":2926,"href":"https:\/\/www.romacfuels.com\/fr\/wp-json\/wp\/v2\/pages\/2428\/revisions\/2926"}],"wp:featuredmedia":[{"embeddable":true,"href":"https:\/\/www.romacfuels.com\/fr\/wp-json\/wp\/v2\/media\/3296"}],"wp:attachment":[{"href":"https:\/\/www.romacfuels.com\/fr\/wp-json\/wp\/v2\/media?parent=2428"}],"curies":[{"name":"wp","href":"https:\/\/api.w.org\/{rel}","templated":true}]}}