{"id":2464,"date":"2021-03-03T22:01:03","date_gmt":"2021-03-03T21:01:03","guid":{"rendered":"https:\/\/www.romacfuels.com\/?page_id=2464"},"modified":"2021-06-09T11:28:45","modified_gmt":"2021-06-09T09:28:45","slug":"prive","status":"publish","type":"page","link":"https:\/\/www.romacfuels.com\/fr\/contact\/prive\/","title":{"rendered":"Devenir client"},"content":{"rendered":"<p>[vc_row row_height_percent=\u00a0\u00bb0&Prime; overlay_alpha=\u00a0\u00bb50&Prime; gutter_size=\u00a0\u00bb3&Prime; column_width_percent=\u00a0\u00bb100&Prime; shift_y=\u00a0\u00bb0&Prime; z_index=\u00a0\u00bb0&Prime; css=\u00a0\u00bb.vc_custom_1608722860489{padding-bottom: 50px !important;}\u00a0\u00bb][vc_column column_width_percent=\u00a0\u00bb100&Prime; gutter_size=\u00a0\u00bb3&Prime; overlay_alpha=\u00a0\u00bb50&Prime; shift_x=\u00a0\u00bb0&Prime; shift_y=\u00a0\u00bb0&Prime; shift_y_down=\u00a0\u00bb0&Prime; z_index=\u00a0\u00bb0&Prime; medium_width=\u00a0\u00bb0&Prime; mobile_width=\u00a0\u00bb0&Prime; width=\u00a0\u00bb2\/3&Prime; el_class=\u00a0\u00bbfirst_block\u00a0\u00bb][uncode_breadcrumbs separator=\u00a0\u00bbtriangle\u00a0\u00bb][vc_column_text]<\/p>\n<h2>Client Priv\u00e9<\/h2>\n<p>Pour devenir client comme\u00a0<b>Utilisateur priv\u00e9<\/b>, t\u00e9l\u00e9chargez les documents ci-dessous et envoyez les documents remplis et tout autre document requis \u00e0\u00a0<a href=\"mailto:info@romacfuels.com\">info@romacfuels.com<\/a>[\/vc_column_text][vc_button button_color=\u00a0\u00bbcolor-792243&Prime; hover_fx=\u00a0\u00bbfull-colored\u00a0\u00bb border_width=\u00a0\u00bb0&Prime; icon=\u00a0\u00bbfa fa-file-pdf-o\u00a0\u00bb link=\u00a0\u00bburl:https%3A%2F%2Fwww.romacfuels.com%2Fwp-content%2Fuploads%2F2021%2F06%2Fcontract_particulier_fr.pdf|target:_blank\u00a0\u00bb]T\u00e9l\u00e9charger Formulaire[\/vc_button][vc_empty_space empty_h=\u00a0\u00bb2&Prime;][vc_column_text]<\/p>\n<h2>Questions fr\u00e9quentes<\/h2>\n<p>[\/vc_column_text][vc_accordion sign=\u00a0\u00bbplus\u00a0\u00bb active_tab=\u00a0\u00bb0&Prime;][vc_accordion_tab gutter_size=\u00a0\u00bb2&Prime; column_padding=\u00a0\u00bb2&Prime; title=\u00a0\u00bbPuis-je demander une carte en tant qu&rsquo;ind\u00e9pendant?\u00a0\u00bb tab_id=\u00a0\u00bb1613984139-1-141622644560588&Prime;][vc_column_text]Sans aucun doute! Pour cela vous pouvez nous contacter via le formulaire ci-dessous.[\/vc_column_text][\/vc_accordion_tab][vc_accordion_tab gutter_size=\u00a0\u00bb2&Prime; column_padding=\u00a0\u00bb2&Prime; title=\u00a0\u00bbLa carte est gratuite?\u00a0\u00bb tab_id=\u00a0\u00bb1613984139-2-331622644560588&Prime;][vc_column_text]Absolument! Une fois que vous \u00eates un client, vous recevrez votre carte gratuitement.<br \/>\nSi vous avez perdu votre carte, vous obtenez juste une nouvelle. Bien s\u00fbr, votre carte pr\u00e9c\u00e9dente sera d\u00e9sactiv\u00e9. Pas de surprise![\/vc_column_text][\/vc_accordion_tab][vc_accordion_tab gutter_size=\u00a0\u00bb2&Prime; column_padding=\u00a0\u00bb2&Prime; title=\u00a0\u00bbComment puis-je payer ma facture?\u00a0\u00bb tab_id=\u00a0\u00bb1613984205967-2-21622644560588&Prime;][vc_column_text]Vous payez par d\u00e9bit direct \u00e0 la fin de notre p\u00e9riode de facturation.<br \/>\nPour cela, vous devez remplir un document 1x avec votre demande de carte. Ensuite tout va automatique![\/vc_column_text][\/vc_accordion_tab][vc_accordion_tab gutter_size=\u00a0\u00bb2&Prime; column_padding=\u00a0\u00bb2&Prime; title=\u00a0\u00bbY a-t-il des frais suppl\u00e9mentaires?\u00a0\u00bb tab_id=\u00a0\u00bb1613984227687-3-21622644560588&Prime;][vc_column_text]Non. Romac Fuels\u00a0 ne facture pas ses co\u00fbts administratifs suppl\u00e9mentaires. Vous payez simplement pour ce que vous consommez.[\/vc_column_text][\/vc_accordion_tab][vc_accordion_tab gutter_size=\u00a0\u00bb2&Prime; column_padding=\u00a0\u00bb2&Prime; title=\u00a0\u00bbJe re\u00e7ois un aper\u00e7u de mes operations?\u00a0\u00bb tab_id=\u00a0\u00bb1613984245968-4-41622644560588&Prime;][vc_column_text]Oui. Si vous le souhaitez, vous recevrez une detail avec vos donn\u00e9es de consommation de la p\u00e9riode de facture par e-mail.[\/vc_column_text][\/vc_accordion_tab][vc_accordion_tab gutter_size=\u00a0\u00bb2&Prime; column_padding=\u00a0\u00bb2&Prime; title=\u00a0\u00bbO\u00f9 puis-je utiliser ma carte Romac Fuels?\u00a0\u00bb tab_id=\u00a0\u00bb1613984268163-5-101622644560588&Prime;][vc_column_text]Vous pouvez visiter nos Romac Fuels stations. Pour voir une liste, cliques\u00a0<a href=\"https:\/\/www.romacfuels.com\/fr\/locaties.php\" target=\"_blank\" rel=\"noopener\">ici<\/a>.[\/vc_column_text][\/vc_accordion_tab][vc_accordion_tab gutter_size=\u00a0\u00bb2&Prime; column_padding=\u00a0\u00bb2&Prime; title=\u00a0\u00bbQuoi faire si j&rsquo;ai d&rsquo;autres questions ou des probl\u00e8mes?\u00a0\u00bb tab_id=\u00a0\u00bb1613984330675-6-31622644560588&Prime;][vc_column_text]Vous pouvez toujours nous contacter par t\u00e9l\u00e9phone pendant les heures d&rsquo;ouverture sur: +32(0)58 33 51 12.<br \/>\nVous \u00eates toujours bienvenu \u00e0 notre bureau si vous le souhaitez.[\/vc_column_text][\/vc_accordion_tab][\/vc_accordion][\/vc_column][vc_column column_width_percent=\u00a0\u00bb100&Prime; gutter_size=\u00a0\u00bb3&Prime; overlay_alpha=\u00a0\u00bb50&Prime; shift_x=\u00a0\u00bb0&Prime; shift_y=\u00a0\u00bb0&Prime; shift_y_down=\u00a0\u00bb0&Prime; z_index=\u00a0\u00bb0&Prime; medium_width=\u00a0\u00bb0&Prime; mobile_width=\u00a0\u00bb0&Prime; width=\u00a0\u00bb1\/3&Prime; el_class=\u00a0\u00bbsidebar\u00a0\u00bb][uncode_block id=\u00a0\u00bb623&Prime; inside_column=\u00a0\u00bbyes\u00a0\u00bb][\/vc_column][\/vc_row]<\/p>\n","protected":false},"excerpt":{"rendered":"<p>[vc_row row_height_percent=\u00a0\u00bb0&Prime; overlay_alpha=\u00a0\u00bb50&Prime; gutter_size=\u00a0\u00bb3&Prime; column_width_percent=\u00a0\u00bb100&Prime; shift_y=\u00a0\u00bb0&Prime; z_index=\u00a0\u00bb0&Prime; css=\u00a0\u00bb.vc_custom_1608722860489{padding-bottom: 50px !important;}\u00a0\u00bb][vc_column column_width_percent=\u00a0\u00bb100&Prime; gutter_size=\u00a0\u00bb3&Prime; overlay_alpha=\u00a0\u00bb50&Prime; shift_x=\u00a0\u00bb0&Prime; shift_y=\u00a0\u00bb0&Prime; shift_y_down=\u00a0\u00bb0&Prime; z_index=\u00a0\u00bb0&Prime; medium_width=\u00a0\u00bb0&Prime; mobile_width=\u00a0\u00bb0&Prime; width=\u00a0\u00bb2\/3&Prime; [&hellip;]<\/p>\n","protected":false},"author":1,"featured_media":3399,"parent":2372,"menu_order":0,"comment_status":"closed","ping_status":"closed","template":"","meta":{"footnotes":""},"class_list":["post-2464","page","type-page","status-publish","has-post-thumbnail","hentry"],"yoast_head":"<!-- This site is optimized with the Yoast SEO plugin v27.0 - https:\/\/yoast.com\/product\/yoast-seo-wordpress\/ -->\n<title>Devenir client - Romac Fuels<\/title>\n<meta name=\"robots\" content=\"index, follow, max-snippet:-1, max-image-preview:large, max-video-preview:-1\" \/>\n<link rel=\"canonical\" href=\"https:\/\/www.romacfuels.com\/fr\/contact\/prive\/\" \/>\n<meta property=\"og:locale\" content=\"fr_FR\" \/>\n<meta property=\"og:type\" content=\"article\" \/>\n<meta property=\"og:title\" content=\"Devenir client - Romac Fuels\" \/>\n<meta property=\"og:description\" content=\"[vc_row row_height_percent=\u00a0\u00bb0&Prime; overlay_alpha=\u00a0\u00bb50&Prime; gutter_size=\u00a0\u00bb3&Prime; column_width_percent=\u00a0\u00bb100&Prime; shift_y=\u00a0\u00bb0&Prime; z_index=\u00a0\u00bb0&Prime; css=\u00a0\u00bb.vc_custom_1608722860489{padding-bottom: 50px !important;}\u00a0\u00bb][vc_column column_width_percent=\u00a0\u00bb100&Prime; gutter_size=\u00a0\u00bb3&Prime; overlay_alpha=\u00a0\u00bb50&Prime; shift_x=\u00a0\u00bb0&Prime; shift_y=\u00a0\u00bb0&Prime; shift_y_down=\u00a0\u00bb0&Prime; z_index=\u00a0\u00bb0&Prime; medium_width=\u00a0\u00bb0&Prime; mobile_width=\u00a0\u00bb0&Prime; width=\u00a0\u00bb2\/3&Prime; [&hellip;]\" \/>\n<meta property=\"og:url\" content=\"https:\/\/www.romacfuels.com\/fr\/contact\/prive\/\" \/>\n<meta property=\"og:site_name\" content=\"Romac Fuels\" \/>\n<meta property=\"article:modified_time\" content=\"2021-06-09T09:28:45+00:00\" \/>\n<meta property=\"og:image\" content=\"https:\/\/www.romacfuels.com\/wp-content\/uploads\/2021\/02\/header_13.jpg\" \/>\n\t<meta property=\"og:image:width\" content=\"1700\" \/>\n\t<meta property=\"og:image:height\" content=\"422\" \/>\n\t<meta property=\"og:image:type\" content=\"image\/jpeg\" \/>\n<meta name=\"twitter:card\" content=\"summary_large_image\" \/>\n<meta name=\"twitter:label1\" content=\"Dur\u00e9e de lecture estim\u00e9e\" \/>\n\t<meta name=\"twitter:data1\" content=\"2 minutes\" \/>\n<script type=\"application\/ld+json\" class=\"yoast-schema-graph\">{\"@context\":\"https:\/\/schema.org\",\"@graph\":[{\"@type\":\"WebPage\",\"@id\":\"https:\/\/www.romacfuels.com\/fr\/contact\/prive\/\",\"url\":\"https:\/\/www.romacfuels.com\/fr\/contact\/prive\/\",\"name\":\"Devenir client - Romac Fuels\",\"isPartOf\":{\"@id\":\"https:\/\/www.romacfuels.com\/nl\/#website\"},\"primaryImageOfPage\":{\"@id\":\"https:\/\/www.romacfuels.com\/fr\/contact\/prive\/#primaryimage\"},\"image\":{\"@id\":\"https:\/\/www.romacfuels.com\/fr\/contact\/prive\/#primaryimage\"},\"thumbnailUrl\":\"https:\/\/www.romacfuels.com\/wp-content\/uploads\/2025\/10\/header_36.jpg\",\"datePublished\":\"2021-03-03T21:01:03+00:00\",\"dateModified\":\"2021-06-09T09:28:45+00:00\",\"breadcrumb\":{\"@id\":\"https:\/\/www.romacfuels.com\/fr\/contact\/prive\/#breadcrumb\"},\"inLanguage\":\"fr-FR\",\"potentialAction\":[{\"@type\":\"ReadAction\",\"target\":[\"https:\/\/www.romacfuels.com\/fr\/contact\/prive\/\"]}]},{\"@type\":\"ImageObject\",\"inLanguage\":\"fr-FR\",\"@id\":\"https:\/\/www.romacfuels.com\/fr\/contact\/prive\/#primaryimage\",\"url\":\"https:\/\/www.romacfuels.com\/wp-content\/uploads\/2025\/10\/header_36.jpg\",\"contentUrl\":\"https:\/\/www.romacfuels.com\/wp-content\/uploads\/2025\/10\/header_36.jpg\",\"width\":1920,\"height\":805,\"caption\":\"Screenshot\"},{\"@type\":\"BreadcrumbList\",\"@id\":\"https:\/\/www.romacfuels.com\/fr\/contact\/prive\/#breadcrumb\",\"itemListElement\":[{\"@type\":\"ListItem\",\"position\":1,\"name\":\"Home\",\"item\":\"https:\/\/www.romacfuels.com\/fr\/\"},{\"@type\":\"ListItem\",\"position\":2,\"name\":\"Contact\",\"item\":\"https:\/\/www.romacfuels.com\/fr\/contact\/\"},{\"@type\":\"ListItem\",\"position\":3,\"name\":\"Devenir client\"}]},{\"@type\":\"WebSite\",\"@id\":\"https:\/\/www.romacfuels.com\/nl\/#website\",\"url\":\"https:\/\/www.romacfuels.com\/nl\/\",\"name\":\"Romac Fuels\",\"description\":\"\",\"potentialAction\":[{\"@type\":\"SearchAction\",\"target\":{\"@type\":\"EntryPoint\",\"urlTemplate\":\"https:\/\/www.romacfuels.com\/nl\/?s={search_term_string}\"},\"query-input\":{\"@type\":\"PropertyValueSpecification\",\"valueRequired\":true,\"valueName\":\"search_term_string\"}}],\"inLanguage\":\"fr-FR\"}]}<\/script>\n<!-- \/ Yoast SEO plugin. -->","yoast_head_json":{"title":"Devenir client - Romac Fuels","robots":{"index":"index","follow":"follow","max-snippet":"max-snippet:-1","max-image-preview":"max-image-preview:large","max-video-preview":"max-video-preview:-1"},"canonical":"https:\/\/www.romacfuels.com\/fr\/contact\/prive\/","og_locale":"fr_FR","og_type":"article","og_title":"Devenir client - Romac Fuels","og_description":"[vc_row row_height_percent=\u00a0\u00bb0&Prime; overlay_alpha=\u00a0\u00bb50&Prime; gutter_size=\u00a0\u00bb3&Prime; column_width_percent=\u00a0\u00bb100&Prime; shift_y=\u00a0\u00bb0&Prime; z_index=\u00a0\u00bb0&Prime; css=\u00a0\u00bb.vc_custom_1608722860489{padding-bottom: 50px !important;}\u00a0\u00bb][vc_column column_width_percent=\u00a0\u00bb100&Prime; gutter_size=\u00a0\u00bb3&Prime; overlay_alpha=\u00a0\u00bb50&Prime; shift_x=\u00a0\u00bb0&Prime; shift_y=\u00a0\u00bb0&Prime; shift_y_down=\u00a0\u00bb0&Prime; z_index=\u00a0\u00bb0&Prime; medium_width=\u00a0\u00bb0&Prime; mobile_width=\u00a0\u00bb0&Prime; width=\u00a0\u00bb2\/3&Prime; [&hellip;]","og_url":"https:\/\/www.romacfuels.com\/fr\/contact\/prive\/","og_site_name":"Romac Fuels","article_modified_time":"2021-06-09T09:28:45+00:00","og_image":[{"width":1700,"height":422,"url":"https:\/\/www.romacfuels.com\/wp-content\/uploads\/2021\/02\/header_13.jpg","type":"image\/jpeg"}],"twitter_card":"summary_large_image","twitter_misc":{"Dur\u00e9e de lecture estim\u00e9e":"2 minutes"},"schema":{"@context":"https:\/\/schema.org","@graph":[{"@type":"WebPage","@id":"https:\/\/www.romacfuels.com\/fr\/contact\/prive\/","url":"https:\/\/www.romacfuels.com\/fr\/contact\/prive\/","name":"Devenir client - Romac Fuels","isPartOf":{"@id":"https:\/\/www.romacfuels.com\/nl\/#website"},"primaryImageOfPage":{"@id":"https:\/\/www.romacfuels.com\/fr\/contact\/prive\/#primaryimage"},"image":{"@id":"https:\/\/www.romacfuels.com\/fr\/contact\/prive\/#primaryimage"},"thumbnailUrl":"https:\/\/www.romacfuels.com\/wp-content\/uploads\/2025\/10\/header_36.jpg","datePublished":"2021-03-03T21:01:03+00:00","dateModified":"2021-06-09T09:28:45+00:00","breadcrumb":{"@id":"https:\/\/www.romacfuels.com\/fr\/contact\/prive\/#breadcrumb"},"inLanguage":"fr-FR","potentialAction":[{"@type":"ReadAction","target":["https:\/\/www.romacfuels.com\/fr\/contact\/prive\/"]}]},{"@type":"ImageObject","inLanguage":"fr-FR","@id":"https:\/\/www.romacfuels.com\/fr\/contact\/prive\/#primaryimage","url":"https:\/\/www.romacfuels.com\/wp-content\/uploads\/2025\/10\/header_36.jpg","contentUrl":"https:\/\/www.romacfuels.com\/wp-content\/uploads\/2025\/10\/header_36.jpg","width":1920,"height":805,"caption":"Screenshot"},{"@type":"BreadcrumbList","@id":"https:\/\/www.romacfuels.com\/fr\/contact\/prive\/#breadcrumb","itemListElement":[{"@type":"ListItem","position":1,"name":"Home","item":"https:\/\/www.romacfuels.com\/fr\/"},{"@type":"ListItem","position":2,"name":"Contact","item":"https:\/\/www.romacfuels.com\/fr\/contact\/"},{"@type":"ListItem","position":3,"name":"Devenir client"}]},{"@type":"WebSite","@id":"https:\/\/www.romacfuels.com\/nl\/#website","url":"https:\/\/www.romacfuels.com\/nl\/","name":"Romac Fuels","description":"","potentialAction":[{"@type":"SearchAction","target":{"@type":"EntryPoint","urlTemplate":"https:\/\/www.romacfuels.com\/nl\/?s={search_term_string}"},"query-input":{"@type":"PropertyValueSpecification","valueRequired":true,"valueName":"search_term_string"}}],"inLanguage":"fr-FR"}]}},"_links":{"self":[{"href":"https:\/\/www.romacfuels.com\/fr\/wp-json\/wp\/v2\/pages\/2464","targetHints":{"allow":["GET"]}}],"collection":[{"href":"https:\/\/www.romacfuels.com\/fr\/wp-json\/wp\/v2\/pages"}],"about":[{"href":"https:\/\/www.romacfuels.com\/fr\/wp-json\/wp\/v2\/types\/page"}],"author":[{"embeddable":true,"href":"https:\/\/www.romacfuels.com\/fr\/wp-json\/wp\/v2\/users\/1"}],"replies":[{"embeddable":true,"href":"https:\/\/www.romacfuels.com\/fr\/wp-json\/wp\/v2\/comments?post=2464"}],"version-history":[{"count":6,"href":"https:\/\/www.romacfuels.com\/fr\/wp-json\/wp\/v2\/pages\/2464\/revisions"}],"predecessor-version":[{"id":3029,"href":"https:\/\/www.romacfuels.com\/fr\/wp-json\/wp\/v2\/pages\/2464\/revisions\/3029"}],"up":[{"embeddable":true,"href":"https:\/\/www.romacfuels.com\/fr\/wp-json\/wp\/v2\/pages\/2372"}],"wp:featuredmedia":[{"embeddable":true,"href":"https:\/\/www.romacfuels.com\/fr\/wp-json\/wp\/v2\/media\/3399"}],"wp:attachment":[{"href":"https:\/\/www.romacfuels.com\/fr\/wp-json\/wp\/v2\/media?parent=2464"}],"curies":[{"name":"wp","href":"https:\/\/api.w.org\/{rel}","templated":true}]}}