{"id":2707,"date":"2021-03-15T13:40:07","date_gmt":"2021-03-15T12:40:07","guid":{"rendered":"https:\/\/www.romacfuels.com\/?page_id=2707"},"modified":"2021-06-09T11:32:51","modified_gmt":"2021-06-09T09:32:51","slug":"truckstop","status":"publish","type":"page","link":"https:\/\/www.romacfuels.com\/fr\/contact\/truckstop\/","title":{"rendered":"Truckstop"},"content":{"rendered":"<p>[vc_row row_height_percent=\u00a0\u00bb0&Prime; overlay_alpha=\u00a0\u00bb50&Prime; gutter_size=\u00a0\u00bb3&Prime; column_width_percent=\u00a0\u00bb100&Prime; shift_y=\u00a0\u00bb0&Prime; z_index=\u00a0\u00bb0&Prime; css=\u00a0\u00bb.vc_custom_1609085475633{padding-bottom: 50px !important;}\u00a0\u00bb][vc_column column_width_percent=\u00a0\u00bb100&Prime; gutter_size=\u00a0\u00bb2&Prime; overlay_alpha=\u00a0\u00bb50&Prime; shift_x=\u00a0\u00bb0&Prime; shift_y=\u00a0\u00bb0&Prime; shift_y_down=\u00a0\u00bb0&Prime; z_index=\u00a0\u00bb0&Prime; medium_width=\u00a0\u00bb0&Prime; mobile_width=\u00a0\u00bb0&Prime; width=\u00a0\u00bb2\/3&Prime; el_class=\u00a0\u00bbfirst_block\u00a0\u00bb][uncode_breadcrumbs separator=\u00a0\u00bbtriangle\u00a0\u00bb][vc_column_text]Vous avez des questions, des plaintes ou des compliments que vous souhaiteriez nous transmettre? N\u2019h\u00e9sitez pas \u00e0 nous contacter en utilisant les informations ci-dessous ou \u00e0 utiliser le formulaire. Nous vous contacterons d\u00e8s que possible.[\/vc_column_text][vc_row_inner row_inner_height_percent=\u00a0\u00bb0&Prime; overlay_alpha=\u00a0\u00bb50&Prime; equal_height=\u00a0\u00bbyes\u00a0\u00bb gutter_size=\u00a0\u00bb3&Prime; shift_y=\u00a0\u00bb0&Prime; z_index=\u00a0\u00bb0&Prime; css=\u00a0\u00bb.vc_custom_1609144454611{padding-top: 10px !important;padding-bottom: 10px !important;}\u00a0\u00bb][vc_column_inner column_width_percent=\u00a0\u00bb100&Prime; gutter_size=\u00a0\u00bb3&Prime; back_color=\u00a0\u00bbcolor-737473&Prime; overlay_alpha=\u00a0\u00bb50&Prime; shift_x=\u00a0\u00bb0&Prime; shift_y=\u00a0\u00bb0&Prime; shift_y_down=\u00a0\u00bb0&Prime; z_index=\u00a0\u00bb0&Prime; medium_width=\u00a0\u00bb0&Prime; mobile_width=\u00a0\u00bb0&Prime; width=\u00a0\u00bb1\/2&Prime;][vc_column_text]<\/p>\n<h3>D\u00e9tails du contact<\/h3>\n<p><img decoding=\"async\" src=\"https:\/\/www.romacfuels.com\/wp-content\/uploads\/2020\/12\/pin.png\" alt=\"\" width=\"18\" height=\"18\" \/> Nijverheidsstraat 1, 8630 Veurne, Belgi\u00eb<br \/>\n<img decoding=\"async\" src=\"https:\/\/www.romacfuels.com\/wp-content\/uploads\/2020\/12\/telefoon.png\" alt=\"\" width=\"18\" height=\"18\" \/> +32 (0)58 33 51 33<br \/>\n<img decoding=\"async\" src=\"https:\/\/www.romacfuels.com\/wp-content\/uploads\/2020\/12\/mail.png\" alt=\"\" width=\"18\" height=\"18\" \/> info@truckstopveurne.be[\/vc_column_text][\/vc_column_inner][vc_column_inner column_width_percent=\u00a0\u00bb100&Prime; gutter_size=\u00a0\u00bb3&Prime; back_color=\u00a0\u00bbcolor-737473&Prime; overlay_alpha=\u00a0\u00bb50&Prime; shift_x=\u00a0\u00bb0&Prime; shift_y=\u00a0\u00bb0&Prime; shift_y_down=\u00a0\u00bb0&Prime; z_index=\u00a0\u00bb0&Prime; medium_width=\u00a0\u00bb0&Prime; mobile_width=\u00a0\u00bb0&Prime; width=\u00a0\u00bb1\/2&Prime;][vc_column_text]<\/p>\n<h3>Heures d&rsquo;ouverture<\/h3>\n<p>Lundi 07:00 \u00e0 Vendredi 21:00 &#8211; 24\/24<br \/>\nSamedi &#8211; 08:00 &#8211; 14:00<br \/>\nDimanche &#8211; Ferm\u00e9[\/vc_column_text][\/vc_column_inner][\/vc_row_inner][vc_raw_html]JTNDaWZyYW1lJTIwc3JjJTNEJTIyaHR0cHMlM0ElMkYlMkZ3d3cuZ29vZ2xlLmNvbSUyRm1hcHMlMkZlbWJlZCUzRnBiJTNEJTIxMW0xOCUyMTFtMTIlMjExbTMlMjExZDI1MDcuMzYzNzY1NTE5NTQxNiUyMTJkMi42NzM5NjQxMTU3NTM3NDIlMjEzZDUxLjA2NDgzNDY3OTU2NDg3NSUyMTJtMyUyMTFmMCUyMTJmMCUyMTNmMCUyMTNtMiUyMTFpMTAyNCUyMTJpNzY4JTIxNGYxMy4xJTIxM20zJTIxMW0yJTIxMXMweDQ3ZGNiZTA5YzE3M2U1YzUlMjUzQTB4ZDY0N2U4Y2U4ODM1MjVjMiUyMTJzTmlqdmVyaGVpZHNzdHJhYXQlMjUyMDElMjUyQyUyNTIwODYzMCUyNTIwVmV1cm5lJTIxNWUwJTIxM20yJTIxMXNubCUyMTJzYmUlMjE0djE2MjI2MjYxNTUyMjElMjE1bTIlMjExc25sJTIxMnNiZSUyMiUyMHdpZHRoJTNEJTIyMzAwMCUyMiUyMGhlaWdodCUzRCUyMjQwMCUyMiUyMGZyYW1lYm9yZGVyJTNEJTIyMCUyMiUyMHN0eWxlJTNEJTIyYm9yZGVyJTNBMCUzQiUyMiUyMGFsbG93ZnVsbHNjcmVlbiUzRCUyMiUyMiUyMGFyaWEtaGlkZGVuJTNEJTIyZmFsc2UlMjIlMjB0YWJpbmRleCUzRCUyMjAlMjIlM0UlM0MlMkZpZnJhbWUlM0U=[\/vc_raw_html][\/vc_column][vc_column column_width_percent=\u00a0\u00bb100&Prime; gutter_size=\u00a0\u00bb3&Prime; overlay_alpha=\u00a0\u00bb50&Prime; shift_x=\u00a0\u00bb0&Prime; shift_y=\u00a0\u00bb0&Prime; shift_y_down=\u00a0\u00bb0&Prime; z_index=\u00a0\u00bb0&Prime; medium_width=\u00a0\u00bb0&Prime; mobile_width=\u00a0\u00bb0&Prime; width=\u00a0\u00bb1\/3&Prime; el_class=\u00a0\u00bbsidebar\u00a0\u00bb][uncode_block id=\u00a0\u00bb2858&Prime; inside_column=\u00a0\u00bbyes\u00a0\u00bb][\/vc_column][\/vc_row]<\/p>\n","protected":false},"excerpt":{"rendered":"<p>[vc_row row_height_percent=\u00a0\u00bb0&Prime; overlay_alpha=\u00a0\u00bb50&Prime; gutter_size=\u00a0\u00bb3&Prime; column_width_percent=\u00a0\u00bb100&Prime; shift_y=\u00a0\u00bb0&Prime; z_index=\u00a0\u00bb0&Prime; css=\u00a0\u00bb.vc_custom_1609085475633{padding-bottom: 50px !important;}\u00a0\u00bb][vc_column column_width_percent=\u00a0\u00bb100&Prime; gutter_size=\u00a0\u00bb2&Prime; overlay_alpha=\u00a0\u00bb50&Prime; shift_x=\u00a0\u00bb0&Prime; shift_y=\u00a0\u00bb0&Prime; shift_y_down=\u00a0\u00bb0&Prime; z_index=\u00a0\u00bb0&Prime; medium_width=\u00a0\u00bb0&Prime; mobile_width=\u00a0\u00bb0&Prime; width=\u00a0\u00bb2\/3&Prime; [&hellip;]<\/p>\n","protected":false},"author":1,"featured_media":3344,"parent":2372,"menu_order":0,"comment_status":"closed","ping_status":"closed","template":"","meta":{"footnotes":""},"class_list":["post-2707","page","type-page","status-publish","has-post-thumbnail","hentry"],"yoast_head":"<!-- This site is optimized with the Yoast SEO plugin v27.0 - https:\/\/yoast.com\/product\/yoast-seo-wordpress\/ -->\n<title>Truckstop - Romac Fuels<\/title>\n<meta name=\"robots\" content=\"index, follow, max-snippet:-1, max-image-preview:large, max-video-preview:-1\" \/>\n<link rel=\"canonical\" href=\"https:\/\/www.romacfuels.com\/fr\/contact\/truckstop\/\" \/>\n<meta property=\"og:locale\" content=\"fr_FR\" \/>\n<meta property=\"og:type\" content=\"article\" \/>\n<meta property=\"og:title\" content=\"Truckstop - Romac Fuels\" \/>\n<meta property=\"og:description\" content=\"[vc_row row_height_percent=\u00a0\u00bb0&Prime; overlay_alpha=\u00a0\u00bb50&Prime; gutter_size=\u00a0\u00bb3&Prime; column_width_percent=\u00a0\u00bb100&Prime; shift_y=\u00a0\u00bb0&Prime; z_index=\u00a0\u00bb0&Prime; css=\u00a0\u00bb.vc_custom_1609085475633{padding-bottom: 50px !important;}\u00a0\u00bb][vc_column column_width_percent=\u00a0\u00bb100&Prime; gutter_size=\u00a0\u00bb2&Prime; overlay_alpha=\u00a0\u00bb50&Prime; shift_x=\u00a0\u00bb0&Prime; shift_y=\u00a0\u00bb0&Prime; shift_y_down=\u00a0\u00bb0&Prime; z_index=\u00a0\u00bb0&Prime; medium_width=\u00a0\u00bb0&Prime; mobile_width=\u00a0\u00bb0&Prime; width=\u00a0\u00bb2\/3&Prime; [&hellip;]\" \/>\n<meta property=\"og:url\" content=\"https:\/\/www.romacfuels.com\/fr\/contact\/truckstop\/\" \/>\n<meta property=\"og:site_name\" content=\"Romac Fuels\" \/>\n<meta property=\"article:modified_time\" content=\"2021-06-09T09:32:51+00:00\" \/>\n<meta property=\"og:image\" content=\"https:\/\/www.romacfuels.com\/wp-content\/uploads\/2020\/12\/pin.png\" \/>\n<meta name=\"twitter:card\" content=\"summary_large_image\" \/>\n<meta name=\"twitter:label1\" content=\"Dur\u00e9e de lecture estim\u00e9e\" \/>\n\t<meta name=\"twitter:data1\" content=\"2 minutes\" \/>\n<script type=\"application\/ld+json\" class=\"yoast-schema-graph\">{\"@context\":\"https:\/\/schema.org\",\"@graph\":[{\"@type\":\"WebPage\",\"@id\":\"https:\/\/www.romacfuels.com\/fr\/contact\/truckstop\/\",\"url\":\"https:\/\/www.romacfuels.com\/fr\/contact\/truckstop\/\",\"name\":\"Truckstop - Romac Fuels\",\"isPartOf\":{\"@id\":\"https:\/\/www.romacfuels.com\/nl\/#website\"},\"primaryImageOfPage\":{\"@id\":\"https:\/\/www.romacfuels.com\/fr\/contact\/truckstop\/#primaryimage\"},\"image\":{\"@id\":\"https:\/\/www.romacfuels.com\/fr\/contact\/truckstop\/#primaryimage\"},\"thumbnailUrl\":\"https:\/\/www.romacfuels.com\/wp-content\/uploads\/2025\/10\/header_18.jpg\",\"datePublished\":\"2021-03-15T12:40:07+00:00\",\"dateModified\":\"2021-06-09T09:32:51+00:00\",\"breadcrumb\":{\"@id\":\"https:\/\/www.romacfuels.com\/fr\/contact\/truckstop\/#breadcrumb\"},\"inLanguage\":\"fr-FR\",\"potentialAction\":[{\"@type\":\"ReadAction\",\"target\":[\"https:\/\/www.romacfuels.com\/fr\/contact\/truckstop\/\"]}]},{\"@type\":\"ImageObject\",\"inLanguage\":\"fr-FR\",\"@id\":\"https:\/\/www.romacfuels.com\/fr\/contact\/truckstop\/#primaryimage\",\"url\":\"https:\/\/www.romacfuels.com\/wp-content\/uploads\/2025\/10\/header_18.jpg\",\"contentUrl\":\"https:\/\/www.romacfuels.com\/wp-content\/uploads\/2025\/10\/header_18.jpg\",\"width\":1920,\"height\":805,\"caption\":\"Screenshot\"},{\"@type\":\"BreadcrumbList\",\"@id\":\"https:\/\/www.romacfuels.com\/fr\/contact\/truckstop\/#breadcrumb\",\"itemListElement\":[{\"@type\":\"ListItem\",\"position\":1,\"name\":\"Home\",\"item\":\"https:\/\/www.romacfuels.com\/fr\/\"},{\"@type\":\"ListItem\",\"position\":2,\"name\":\"Contact\",\"item\":\"https:\/\/www.romacfuels.com\/fr\/contact\/\"},{\"@type\":\"ListItem\",\"position\":3,\"name\":\"Truckstop\"}]},{\"@type\":\"WebSite\",\"@id\":\"https:\/\/www.romacfuels.com\/nl\/#website\",\"url\":\"https:\/\/www.romacfuels.com\/nl\/\",\"name\":\"Romac Fuels\",\"description\":\"\",\"potentialAction\":[{\"@type\":\"SearchAction\",\"target\":{\"@type\":\"EntryPoint\",\"urlTemplate\":\"https:\/\/www.romacfuels.com\/nl\/?s={search_term_string}\"},\"query-input\":{\"@type\":\"PropertyValueSpecification\",\"valueRequired\":true,\"valueName\":\"search_term_string\"}}],\"inLanguage\":\"fr-FR\"}]}<\/script>\n<!-- \/ Yoast SEO plugin. -->","yoast_head_json":{"title":"Truckstop - Romac Fuels","robots":{"index":"index","follow":"follow","max-snippet":"max-snippet:-1","max-image-preview":"max-image-preview:large","max-video-preview":"max-video-preview:-1"},"canonical":"https:\/\/www.romacfuels.com\/fr\/contact\/truckstop\/","og_locale":"fr_FR","og_type":"article","og_title":"Truckstop - Romac Fuels","og_description":"[vc_row row_height_percent=\u00a0\u00bb0&Prime; overlay_alpha=\u00a0\u00bb50&Prime; gutter_size=\u00a0\u00bb3&Prime; column_width_percent=\u00a0\u00bb100&Prime; shift_y=\u00a0\u00bb0&Prime; z_index=\u00a0\u00bb0&Prime; css=\u00a0\u00bb.vc_custom_1609085475633{padding-bottom: 50px !important;}\u00a0\u00bb][vc_column column_width_percent=\u00a0\u00bb100&Prime; gutter_size=\u00a0\u00bb2&Prime; overlay_alpha=\u00a0\u00bb50&Prime; shift_x=\u00a0\u00bb0&Prime; shift_y=\u00a0\u00bb0&Prime; shift_y_down=\u00a0\u00bb0&Prime; z_index=\u00a0\u00bb0&Prime; medium_width=\u00a0\u00bb0&Prime; mobile_width=\u00a0\u00bb0&Prime; width=\u00a0\u00bb2\/3&Prime; [&hellip;]","og_url":"https:\/\/www.romacfuels.com\/fr\/contact\/truckstop\/","og_site_name":"Romac Fuels","article_modified_time":"2021-06-09T09:32:51+00:00","og_image":[{"url":"https:\/\/www.romacfuels.com\/wp-content\/uploads\/2020\/12\/pin.png","type":"","width":"","height":""}],"twitter_card":"summary_large_image","twitter_misc":{"Dur\u00e9e de lecture estim\u00e9e":"2 minutes"},"schema":{"@context":"https:\/\/schema.org","@graph":[{"@type":"WebPage","@id":"https:\/\/www.romacfuels.com\/fr\/contact\/truckstop\/","url":"https:\/\/www.romacfuels.com\/fr\/contact\/truckstop\/","name":"Truckstop - Romac Fuels","isPartOf":{"@id":"https:\/\/www.romacfuels.com\/nl\/#website"},"primaryImageOfPage":{"@id":"https:\/\/www.romacfuels.com\/fr\/contact\/truckstop\/#primaryimage"},"image":{"@id":"https:\/\/www.romacfuels.com\/fr\/contact\/truckstop\/#primaryimage"},"thumbnailUrl":"https:\/\/www.romacfuels.com\/wp-content\/uploads\/2025\/10\/header_18.jpg","datePublished":"2021-03-15T12:40:07+00:00","dateModified":"2021-06-09T09:32:51+00:00","breadcrumb":{"@id":"https:\/\/www.romacfuels.com\/fr\/contact\/truckstop\/#breadcrumb"},"inLanguage":"fr-FR","potentialAction":[{"@type":"ReadAction","target":["https:\/\/www.romacfuels.com\/fr\/contact\/truckstop\/"]}]},{"@type":"ImageObject","inLanguage":"fr-FR","@id":"https:\/\/www.romacfuels.com\/fr\/contact\/truckstop\/#primaryimage","url":"https:\/\/www.romacfuels.com\/wp-content\/uploads\/2025\/10\/header_18.jpg","contentUrl":"https:\/\/www.romacfuels.com\/wp-content\/uploads\/2025\/10\/header_18.jpg","width":1920,"height":805,"caption":"Screenshot"},{"@type":"BreadcrumbList","@id":"https:\/\/www.romacfuels.com\/fr\/contact\/truckstop\/#breadcrumb","itemListElement":[{"@type":"ListItem","position":1,"name":"Home","item":"https:\/\/www.romacfuels.com\/fr\/"},{"@type":"ListItem","position":2,"name":"Contact","item":"https:\/\/www.romacfuels.com\/fr\/contact\/"},{"@type":"ListItem","position":3,"name":"Truckstop"}]},{"@type":"WebSite","@id":"https:\/\/www.romacfuels.com\/nl\/#website","url":"https:\/\/www.romacfuels.com\/nl\/","name":"Romac Fuels","description":"","potentialAction":[{"@type":"SearchAction","target":{"@type":"EntryPoint","urlTemplate":"https:\/\/www.romacfuels.com\/nl\/?s={search_term_string}"},"query-input":{"@type":"PropertyValueSpecification","valueRequired":true,"valueName":"search_term_string"}}],"inLanguage":"fr-FR"}]}},"_links":{"self":[{"href":"https:\/\/www.romacfuels.com\/fr\/wp-json\/wp\/v2\/pages\/2707","targetHints":{"allow":["GET"]}}],"collection":[{"href":"https:\/\/www.romacfuels.com\/fr\/wp-json\/wp\/v2\/pages"}],"about":[{"href":"https:\/\/www.romacfuels.com\/fr\/wp-json\/wp\/v2\/types\/page"}],"author":[{"embeddable":true,"href":"https:\/\/www.romacfuels.com\/fr\/wp-json\/wp\/v2\/users\/1"}],"replies":[{"embeddable":true,"href":"https:\/\/www.romacfuels.com\/fr\/wp-json\/wp\/v2\/comments?post=2707"}],"version-history":[{"count":7,"href":"https:\/\/www.romacfuels.com\/fr\/wp-json\/wp\/v2\/pages\/2707\/revisions"}],"predecessor-version":[{"id":3030,"href":"https:\/\/www.romacfuels.com\/fr\/wp-json\/wp\/v2\/pages\/2707\/revisions\/3030"}],"up":[{"embeddable":true,"href":"https:\/\/www.romacfuels.com\/fr\/wp-json\/wp\/v2\/pages\/2372"}],"wp:featuredmedia":[{"embeddable":true,"href":"https:\/\/www.romacfuels.com\/fr\/wp-json\/wp\/v2\/media\/3344"}],"wp:attachment":[{"href":"https:\/\/www.romacfuels.com\/fr\/wp-json\/wp\/v2\/media?parent=2707"}],"curies":[{"name":"wp","href":"https:\/\/api.w.org\/{rel}","templated":true}]}}