{"id":3248,"date":"2025-04-11T15:39:03","date_gmt":"2025-04-11T13:39:03","guid":{"rendered":"https:\/\/www.romacfuels.com\/privacy\/"},"modified":"2025-04-11T16:22:18","modified_gmt":"2025-04-11T14:22:18","slug":"privacy","status":"publish","type":"page","link":"https:\/\/www.romacfuels.com\/fr\/privacy\/","title":{"rendered":"Politique de confidentialit\u00e9"},"content":{"rendered":"<p>[vc_row row_height_percent=\u00a0\u00bb0&Prime; override_padding=\u00a0\u00bbyes\u00a0\u00bb h_padding=\u00a0\u00bb2&Prime; top_padding=\u00a0\u00bb0&Prime; bottom_padding=\u00a0\u00bb0&Prime; overlay_alpha=\u00a0\u00bb50&Prime; gutter_size=\u00a0\u00bb3&Prime; column_width_percent=\u00a0\u00bb100&Prime; shift_y=\u00a0\u00bb0&Prime; z_index=\u00a0\u00bb0&Prime; css=\u00a0\u00bb.vc_custom_1744378777209{padding-top: 100px !important;padding-bottom: 100px !important;}\u00a0\u00bb][vc_column column_width_percent=\u00a0\u00bb100&Prime; gutter_size=\u00a0\u00bb3&Prime; overlay_alpha=\u00a0\u00bb50&Prime; shift_x=\u00a0\u00bb0&Prime; shift_y=\u00a0\u00bb0&Prime; shift_y_down=\u00a0\u00bb0&Prime; z_index=\u00a0\u00bb0&Prime; medium_visibility=\u00a0\u00bbyes\u00a0\u00bb medium_width=\u00a0\u00bb0&Prime; mobile_visibility=\u00a0\u00bbyes\u00a0\u00bb mobile_width=\u00a0\u00bb0&Prime; width=\u00a0\u00bb1\/6&Prime;][\/vc_column][vc_column column_width_percent=\u00a0\u00bb100&Prime; gutter_size=\u00a0\u00bb3&Prime; overlay_alpha=\u00a0\u00bb50&Prime; shift_x=\u00a0\u00bb0&Prime; shift_y=\u00a0\u00bb0&Prime; shift_y_down=\u00a0\u00bb0&Prime; z_index=\u00a0\u00bb0&Prime; medium_width=\u00a0\u00bb7&Prime; mobile_width=\u00a0\u00bb7&Prime; width=\u00a0\u00bb4\/6&Prime;][vc_column_text]La pr\u00e9sente politique de confidentialit\u00e9 et de cookies d\u00e9crit comment Romac Fuels NV, dont le si\u00e8ge social est situ\u00e9 Welvaartstraat 5, 8630 Furnes, Belgique (\u00ab\u00a0Romac Fuels\u00a0\u00bb, \u00ab\u00a0nous\u00a0\u00bb, \u00ab\u00a0notre\u00a0\u00bb), collecte, utilise, stocke, partage et prot\u00e8ge les donn\u00e9es \u00e0 caract\u00e8re personnel&#8230;<\/p>\n<h2>1. Responsable du traitement<\/h2>\n<p>En fonction de votre relation contractuelle, l&rsquo;entit\u00e9 responsable peut varier&#8230;<\/p>\n<h2>2. Quelles donn\u00e9es personnelles collectons-nous et pourquoi ?<\/h2>\n<ul>\n<li>l&rsquo;ex\u00e9cution de nos services ;<\/li>\n<li>le respect des obligations l\u00e9gales ;<\/li>\n<li>le traitement pour d\u00e9fendre nos int\u00e9r\u00eats l\u00e9gitimes&#8230;<\/li>\n<li>la continuit\u00e9 de l&rsquo;activit\u00e9 ;<\/li>\n<li>la s\u00e9curit\u00e9 et la confidentialit\u00e9 des donn\u00e9es&#8230;<\/li>\n<li>la s\u00e9curit\u00e9 de notre infrastructure num\u00e9rique et physique.<\/li>\n<\/ul>\n<p>Exemples de donn\u00e9es collect\u00e9es :<\/p>\n<ul>\n<li>Donn\u00e9es d&rsquo;identification : nom, pr\u00e9nom, adresse, date de naissance<\/li>\n<li>Coordonn\u00e9es : num\u00e9ro de t\u00e9l\u00e9phone, adresse e-mail<\/li>\n<li>Donn\u00e9es de connexion : nom d&rsquo;utilisateur, mot de passe (crypt\u00e9)<\/li>\n<li>Donn\u00e9es relatives aux v\u00e9hicules : plaque d&rsquo;immatriculation<\/li>\n<li>Donn\u00e9es de g\u00e9olocalisation : localisation des v\u00e9hicules, lieu des achats<\/li>\n<li>Images : images CCTV<\/li>\n<li>Adresse IP et type de navigateur<\/li>\n<li>Donn\u00e9es statistiques sur l&rsquo;utilisation du site web<\/li>\n<\/ul>\n<h2>3. Surveillance par cam\u00e9ra<\/h2>\n<p>Dans certains lieux accessibles au public, la vid\u00e9osurveillance est utilis\u00e9e&#8230;<\/p>\n<ul>\n<li>Pr\u00e9venir, d\u00e9tecter et \u00e9tablir des infractions<\/li>\n<li>Recueillir des preuves<\/li>\n<li>V\u00e9rifier des transactions<\/li>\n<li>Prot\u00e9ger le personnel<\/li>\n<li>V\u00e9rifications techniques<\/li>\n<\/ul>\n<p>Les images peuvent \u00eatre transmises \u00e0 :<\/p>\n<ul>\n<li>La police et les autorit\u00e9s judiciaires<\/li>\n<li>Les centrales d&rsquo;alarme et les entreprises de s\u00e9curit\u00e9<\/li>\n<li>Les assureurs<\/li>\n<li>D&rsquo;autres entit\u00e9s du groupe (EEE)<\/li>\n<\/ul>\n<h2>4. Donn\u00e9es non personnelles collect\u00e9es automatiquement<\/h2>\n<ul>\n<li>Type de navigateur et syst\u00e8me d&rsquo;exploitation<\/li>\n<li>Nom de domaine du site d&rsquo;origine<\/li>\n<li>Pages visit\u00e9es, dur\u00e9e de la visite<\/li>\n<li>Temps moyen pass\u00e9 sur le site<\/li>\n<li>Nombre de visites<\/li>\n<\/ul>\n<h2>5. Liens vers d&rsquo;autres sites web<\/h2>\n<p>Nos sites web peuvent contenir des liens vers des sites de tiers&#8230;<\/p>\n<h2>6. Cookies<\/h2>\n<ul>\n<li>Optimiser le fonctionnement du site web<\/li>\n<li>Enregistrer vos pr\u00e9f\u00e9rences<\/li>\n<li>Analyser les visites<\/li>\n<\/ul>\n<p>Types de cookies:<\/p>\n<ul>\n<li>Cookies fonctionnels<\/li>\n<li>Cookies statistiques (avec consentement)<\/li>\n<li>Cookies de s\u00e9curit\u00e9<\/li>\n<\/ul>\n<p><a href=\"https:\/\/www.romacfuels.com\/fr\/cookies\/\">Voir notre politique de cookies<\/a><\/p>\n<h2>7. Destinataires des donn\u00e9es<\/h2>\n<ul>\n<li>D\u00e9partements internes de Romac Fuels<\/li>\n<li>Partenaires informatiques<\/li>\n<li>Compagnies d&rsquo;assurance, autorit\u00e9s l\u00e9gales<\/li>\n<li>Prestataires de services<\/li>\n<\/ul>\n<h2>8. Transferts internationaux de donn\u00e9es<\/h2>\n<p>Vos donn\u00e9es sont trait\u00e9es dans l&rsquo;EEE. Si transfert hors EEE, garanties appropri\u00e9es en place.<\/p>\n<h2>9. S\u00e9curit\u00e9 et confidentialit\u00e9<\/h2>\n<p>Mesures techniques et organisationnelles en place. Acc\u00e8s limit\u00e9 au personnel autoris\u00e9.<\/p>\n<h2>10. Vos droits<\/h2>\n<ul>\n<li>Acc\u00e8s<\/li>\n<li>Correction<\/li>\n<li>Suppression<\/li>\n<li>Limitation<\/li>\n<li>Opposition<\/li>\n<li>Portabilit\u00e9<\/li>\n<li>Retrait de consentement<\/li>\n<li>Directives post-d\u00e9c\u00e8s<\/li>\n<li>Plainte aupr\u00e8s de l&rsquo;autorit\u00e9<\/li>\n<\/ul>\n<h2>11. Modifications de cette politique<\/h2>\n<p>Peut \u00eatre mise \u00e0 jour. Derni\u00e8re version toujours disponible sur le site.<\/p>\n<h2>12. Coordonn\u00e9es<\/h2>\n<p>Romac Fuels NV<br \/>\nWelvaartstraat 5<br \/>\n8630 Veurne (Furnes)<br \/>\nBelgique<br \/>\ninfo@romacfuels.com<\/p>\n<p><em>Derni\u00e8re mise \u00e0 jour : 4 avril 2025<\/em>[\/vc_column_text][\/vc_column][vc_column column_width_percent=\u00a0\u00bb100&Prime; gutter_size=\u00a0\u00bb3&Prime; overlay_alpha=\u00a0\u00bb50&Prime; shift_x=\u00a0\u00bb0&Prime; shift_y=\u00a0\u00bb0&Prime; shift_y_down=\u00a0\u00bb0&Prime; z_index=\u00a0\u00bb0&Prime; medium_visibility=\u00a0\u00bbyes\u00a0\u00bb medium_width=\u00a0\u00bb0&Prime; mobile_visibility=\u00a0\u00bbyes\u00a0\u00bb mobile_width=\u00a0\u00bb0&Prime; width=\u00a0\u00bb1\/6&Prime;][\/vc_column][\/vc_row]<\/p>\n","protected":false},"excerpt":{"rendered":"<p>[vc_row row_height_percent=\u00a0\u00bb0&Prime; override_padding=\u00a0\u00bbyes\u00a0\u00bb h_padding=\u00a0\u00bb2&Prime; top_padding=\u00a0\u00bb0&Prime; bottom_padding=\u00a0\u00bb0&Prime; overlay_alpha=\u00a0\u00bb50&Prime; gutter_size=\u00a0\u00bb3&Prime; column_width_percent=\u00a0\u00bb100&Prime; shift_y=\u00a0\u00bb0&Prime; z_index=\u00a0\u00bb0&Prime; css=\u00a0\u00bb.vc_custom_1744378777209{padding-top: 100px !important;padding-bottom: 100px !important;}\u00a0\u00bb][vc_column column_width_percent=\u00a0\u00bb100&Prime; gutter_size=\u00a0\u00bb3&Prime; overlay_alpha=\u00a0\u00bb50&Prime; shift_x=\u00a0\u00bb0&Prime; [&hellip;]<\/p>\n","protected":false},"author":1,"featured_media":2147,"parent":0,"menu_order":0,"comment_status":"closed","ping_status":"closed","template":"","meta":{"footnotes":""},"class_list":["post-3248","page","type-page","status-publish","has-post-thumbnail","hentry"],"yoast_head":"<!-- This site is optimized with the Yoast SEO plugin v27.0 - https:\/\/yoast.com\/product\/yoast-seo-wordpress\/ -->\n<title>Politique de confidentialit\u00e9 - Romac Fuels<\/title>\n<meta name=\"robots\" content=\"index, follow, max-snippet:-1, max-image-preview:large, max-video-preview:-1\" \/>\n<link rel=\"canonical\" href=\"https:\/\/www.romacfuels.com\/fr\/privacy\/\" \/>\n<meta property=\"og:locale\" content=\"fr_FR\" \/>\n<meta property=\"og:type\" content=\"article\" \/>\n<meta property=\"og:title\" content=\"Politique de confidentialit\u00e9 - Romac Fuels\" \/>\n<meta property=\"og:description\" content=\"[vc_row row_height_percent=\u00a0\u00bb0&Prime; override_padding=\u00a0\u00bbyes\u00a0\u00bb h_padding=\u00a0\u00bb2&Prime; top_padding=\u00a0\u00bb0&Prime; bottom_padding=\u00a0\u00bb0&Prime; overlay_alpha=\u00a0\u00bb50&Prime; gutter_size=\u00a0\u00bb3&Prime; column_width_percent=\u00a0\u00bb100&Prime; shift_y=\u00a0\u00bb0&Prime; z_index=\u00a0\u00bb0&Prime; css=\u00a0\u00bb.vc_custom_1744378777209{padding-top: 100px !important;padding-bottom: 100px !important;}\u00a0\u00bb][vc_column column_width_percent=\u00a0\u00bb100&Prime; gutter_size=\u00a0\u00bb3&Prime; overlay_alpha=\u00a0\u00bb50&Prime; shift_x=\u00a0\u00bb0&Prime; [&hellip;]\" \/>\n<meta property=\"og:url\" content=\"https:\/\/www.romacfuels.com\/fr\/privacy\/\" \/>\n<meta property=\"og:site_name\" content=\"Romac Fuels\" \/>\n<meta property=\"article:modified_time\" content=\"2025-04-11T14:22:18+00:00\" \/>\n<meta property=\"og:image\" content=\"https:\/\/www.romacfuels.com\/wp-content\/uploads\/2021\/02\/header_13.jpg\" \/>\n\t<meta property=\"og:image:width\" content=\"1700\" \/>\n\t<meta property=\"og:image:height\" content=\"422\" \/>\n\t<meta property=\"og:image:type\" content=\"image\/jpeg\" \/>\n<meta name=\"twitter:card\" content=\"summary_large_image\" \/>\n<meta name=\"twitter:label1\" content=\"Dur\u00e9e de lecture estim\u00e9e\" \/>\n\t<meta name=\"twitter:data1\" content=\"3 minutes\" \/>\n<script type=\"application\/ld+json\" class=\"yoast-schema-graph\">{\"@context\":\"https:\/\/schema.org\",\"@graph\":[{\"@type\":\"WebPage\",\"@id\":\"https:\/\/www.romacfuels.com\/fr\/privacy\/\",\"url\":\"https:\/\/www.romacfuels.com\/fr\/privacy\/\",\"name\":\"Politique de confidentialit\u00e9 - Romac Fuels\",\"isPartOf\":{\"@id\":\"https:\/\/www.romacfuels.com\/nl\/#website\"},\"primaryImageOfPage\":{\"@id\":\"https:\/\/www.romacfuels.com\/fr\/privacy\/#primaryimage\"},\"image\":{\"@id\":\"https:\/\/www.romacfuels.com\/fr\/privacy\/#primaryimage\"},\"thumbnailUrl\":\"https:\/\/www.romacfuels.com\/wp-content\/uploads\/2021\/02\/header_13.jpg\",\"datePublished\":\"2025-04-11T13:39:03+00:00\",\"dateModified\":\"2025-04-11T14:22:18+00:00\",\"breadcrumb\":{\"@id\":\"https:\/\/www.romacfuels.com\/fr\/privacy\/#breadcrumb\"},\"inLanguage\":\"fr-FR\",\"potentialAction\":[{\"@type\":\"ReadAction\",\"target\":[\"https:\/\/www.romacfuels.com\/fr\/privacy\/\"]}]},{\"@type\":\"ImageObject\",\"inLanguage\":\"fr-FR\",\"@id\":\"https:\/\/www.romacfuels.com\/fr\/privacy\/#primaryimage\",\"url\":\"https:\/\/www.romacfuels.com\/wp-content\/uploads\/2021\/02\/header_13.jpg\",\"contentUrl\":\"https:\/\/www.romacfuels.com\/wp-content\/uploads\/2021\/02\/header_13.jpg\",\"width\":1700,\"height\":422},{\"@type\":\"BreadcrumbList\",\"@id\":\"https:\/\/www.romacfuels.com\/fr\/privacy\/#breadcrumb\",\"itemListElement\":[{\"@type\":\"ListItem\",\"position\":1,\"name\":\"Home\",\"item\":\"https:\/\/www.romacfuels.com\/fr\/\"},{\"@type\":\"ListItem\",\"position\":2,\"name\":\"Politique de confidentialit\u00e9\"}]},{\"@type\":\"WebSite\",\"@id\":\"https:\/\/www.romacfuels.com\/nl\/#website\",\"url\":\"https:\/\/www.romacfuels.com\/nl\/\",\"name\":\"Romac Fuels\",\"description\":\"\",\"potentialAction\":[{\"@type\":\"SearchAction\",\"target\":{\"@type\":\"EntryPoint\",\"urlTemplate\":\"https:\/\/www.romacfuels.com\/nl\/?s={search_term_string}\"},\"query-input\":{\"@type\":\"PropertyValueSpecification\",\"valueRequired\":true,\"valueName\":\"search_term_string\"}}],\"inLanguage\":\"fr-FR\"}]}<\/script>\n<!-- \/ Yoast SEO plugin. -->","yoast_head_json":{"title":"Politique de confidentialit\u00e9 - Romac Fuels","robots":{"index":"index","follow":"follow","max-snippet":"max-snippet:-1","max-image-preview":"max-image-preview:large","max-video-preview":"max-video-preview:-1"},"canonical":"https:\/\/www.romacfuels.com\/fr\/privacy\/","og_locale":"fr_FR","og_type":"article","og_title":"Politique de confidentialit\u00e9 - Romac Fuels","og_description":"[vc_row row_height_percent=\u00a0\u00bb0&Prime; override_padding=\u00a0\u00bbyes\u00a0\u00bb h_padding=\u00a0\u00bb2&Prime; top_padding=\u00a0\u00bb0&Prime; bottom_padding=\u00a0\u00bb0&Prime; overlay_alpha=\u00a0\u00bb50&Prime; gutter_size=\u00a0\u00bb3&Prime; column_width_percent=\u00a0\u00bb100&Prime; shift_y=\u00a0\u00bb0&Prime; z_index=\u00a0\u00bb0&Prime; css=\u00a0\u00bb.vc_custom_1744378777209{padding-top: 100px !important;padding-bottom: 100px !important;}\u00a0\u00bb][vc_column column_width_percent=\u00a0\u00bb100&Prime; gutter_size=\u00a0\u00bb3&Prime; overlay_alpha=\u00a0\u00bb50&Prime; shift_x=\u00a0\u00bb0&Prime; [&hellip;]","og_url":"https:\/\/www.romacfuels.com\/fr\/privacy\/","og_site_name":"Romac Fuels","article_modified_time":"2025-04-11T14:22:18+00:00","og_image":[{"width":1700,"height":422,"url":"https:\/\/www.romacfuels.com\/wp-content\/uploads\/2021\/02\/header_13.jpg","type":"image\/jpeg"}],"twitter_card":"summary_large_image","twitter_misc":{"Dur\u00e9e de lecture estim\u00e9e":"3 minutes"},"schema":{"@context":"https:\/\/schema.org","@graph":[{"@type":"WebPage","@id":"https:\/\/www.romacfuels.com\/fr\/privacy\/","url":"https:\/\/www.romacfuels.com\/fr\/privacy\/","name":"Politique de confidentialit\u00e9 - Romac Fuels","isPartOf":{"@id":"https:\/\/www.romacfuels.com\/nl\/#website"},"primaryImageOfPage":{"@id":"https:\/\/www.romacfuels.com\/fr\/privacy\/#primaryimage"},"image":{"@id":"https:\/\/www.romacfuels.com\/fr\/privacy\/#primaryimage"},"thumbnailUrl":"https:\/\/www.romacfuels.com\/wp-content\/uploads\/2021\/02\/header_13.jpg","datePublished":"2025-04-11T13:39:03+00:00","dateModified":"2025-04-11T14:22:18+00:00","breadcrumb":{"@id":"https:\/\/www.romacfuels.com\/fr\/privacy\/#breadcrumb"},"inLanguage":"fr-FR","potentialAction":[{"@type":"ReadAction","target":["https:\/\/www.romacfuels.com\/fr\/privacy\/"]}]},{"@type":"ImageObject","inLanguage":"fr-FR","@id":"https:\/\/www.romacfuels.com\/fr\/privacy\/#primaryimage","url":"https:\/\/www.romacfuels.com\/wp-content\/uploads\/2021\/02\/header_13.jpg","contentUrl":"https:\/\/www.romacfuels.com\/wp-content\/uploads\/2021\/02\/header_13.jpg","width":1700,"height":422},{"@type":"BreadcrumbList","@id":"https:\/\/www.romacfuels.com\/fr\/privacy\/#breadcrumb","itemListElement":[{"@type":"ListItem","position":1,"name":"Home","item":"https:\/\/www.romacfuels.com\/fr\/"},{"@type":"ListItem","position":2,"name":"Politique de confidentialit\u00e9"}]},{"@type":"WebSite","@id":"https:\/\/www.romacfuels.com\/nl\/#website","url":"https:\/\/www.romacfuels.com\/nl\/","name":"Romac Fuels","description":"","potentialAction":[{"@type":"SearchAction","target":{"@type":"EntryPoint","urlTemplate":"https:\/\/www.romacfuels.com\/nl\/?s={search_term_string}"},"query-input":{"@type":"PropertyValueSpecification","valueRequired":true,"valueName":"search_term_string"}}],"inLanguage":"fr-FR"}]}},"_links":{"self":[{"href":"https:\/\/www.romacfuels.com\/fr\/wp-json\/wp\/v2\/pages\/3248","targetHints":{"allow":["GET"]}}],"collection":[{"href":"https:\/\/www.romacfuels.com\/fr\/wp-json\/wp\/v2\/pages"}],"about":[{"href":"https:\/\/www.romacfuels.com\/fr\/wp-json\/wp\/v2\/types\/page"}],"author":[{"embeddable":true,"href":"https:\/\/www.romacfuels.com\/fr\/wp-json\/wp\/v2\/users\/1"}],"replies":[{"embeddable":true,"href":"https:\/\/www.romacfuels.com\/fr\/wp-json\/wp\/v2\/comments?post=3248"}],"version-history":[{"count":4,"href":"https:\/\/www.romacfuels.com\/fr\/wp-json\/wp\/v2\/pages\/3248\/revisions"}],"predecessor-version":[{"id":3273,"href":"https:\/\/www.romacfuels.com\/fr\/wp-json\/wp\/v2\/pages\/3248\/revisions\/3273"}],"wp:featuredmedia":[{"embeddable":true,"href":"https:\/\/www.romacfuels.com\/fr\/wp-json\/wp\/v2\/media\/2147"}],"wp:attachment":[{"href":"https:\/\/www.romacfuels.com\/fr\/wp-json\/wp\/v2\/media?parent=3248"}],"curies":[{"name":"wp","href":"https:\/\/api.w.org\/{rel}","templated":true}]}}