{"id":2628,"date":"2021-03-15T10:39:42","date_gmt":"2021-03-15T09:39:42","guid":{"rendered":"https:\/\/www.romacfuels.com\/?page_id=2628"},"modified":"2025-10-22T08:43:17","modified_gmt":"2025-10-22T06:43:17","slug":"lng-cng","status":"publish","type":"page","link":"https:\/\/www.romacfuels.com\/nl\/diensten\/lng-cng\/","title":{"rendered":"LNG &#038; CNG"},"content":{"rendered":"<p>[vc_row row_height_percent=&#8221;0&#8243; overlay_alpha=&#8221;50&#8243; gutter_size=&#8221;3&#8243; column_width_percent=&#8221;100&#8243; shift_y=&#8221;0&#8243; z_index=&#8221;0&#8243; css=&#8221;.vc_custom_1608722860489{padding-bottom: 50px !important;}&#8221;][vc_column column_width_percent=&#8221;100&#8243; gutter_size=&#8221;3&#8243; overlay_alpha=&#8221;50&#8243; shift_x=&#8221;0&#8243; shift_y=&#8221;0&#8243; shift_y_down=&#8221;0&#8243; z_index=&#8221;0&#8243; medium_width=&#8221;0&#8243; mobile_width=&#8221;0&#8243; width=&#8221;2\/3&#8243; el_class=&#8221;first_block&#8221;][uncode_breadcrumbs separator=&#8221;triangle&#8221;][vc_column_text]Eind 2013 had Eric Mattheeuws het idee om de transportbedrijven in groenere banen te leiden. Door samenwerking van Fluxys en Romac Fuels zijn we in maart 2014 begonnen aan de bouw van een LNG tankstation op onze site te Veurne. Het LNG station is operationeel sinds 15 november 2014. Dit LNG station is toegankelijk voor elk transportbedrijf met LNG trucks.<\/p>\n<p>Begin 2015 speelde Romac Fuels met het idee om ook voor de personenwagens een milieuvriendelijkere oplossing te vinden, daarom hebben ze besloten een aanvraag in te dienen tot constructie van een CNG station. Het CNG station is operationeel sedert begin november 2017. Dit station is toegankelijk voor particulieren en zelfstandigen. Vergeet niet dat u ons moet informeren dat u graag CNG wilt tanken alsook dat u van uw autoverdeler de correcte informatie hebt gekregen omtrent het CNG tanken.<\/p>\n<h3 style=\"text-align: center;\">Wij werken aan een groenere toekomst, hopelijk u ook?<\/h3>\n<p>[\/vc_column_text][vc_accordion sign=&#8221;plus&#8221; active_tab=&#8221;0&#8243;][vc_accordion_tab gutter_size=&#8221;2&#8243; column_padding=&#8221;2&#8243; title=&#8221;Wat is CNG?&#8221; tab_id=&#8221;1613984139-1-141622033804355&#8243;][vc_column_text]CNG is de Engelse afkorting van \u2018compressed natural gas\u2019. Dat is in het Nederlands als aardgas op druk. Het wordt dus door aardgas gemaakt, met behulp van druk rond de 200 bar. Bij Romac Fuels zullen we werken als volgt; het gas komt niet van het net, maar van onze reeds bestaande LNG installatie. LNG, het vloeibaar aardgas wordt dan verpompt en op de gewenste druk verdampt. Zo wordt het CNG \u2013 wat minder ruimte inneemt en ideaal qua volume is voor de personenwagen of bestelwagen. De opslag wordt hiervan gedaan in stalen cilinders naast het huidig LNG station. In uw wagen zult u in plaats van een tank, met een gasfles rondrijden. Bekijk het als het LPG-principe maar minder gevaar.[\/vc_column_text][\/vc_accordion_tab][vc_accordion_tab gutter_size=&#8221;2&#8243; column_padding=&#8221;2&#8243; title=&#8221;Wat is LNG?&#8221; tab_id=&#8221;1613984139-2-331622033804355&#8243;][vc_column_text]LNG staat voor Liquified Natural Gas (vloeibaar aardgas).<br \/>\nAardgas wordt vloeibaar gemaakt door te koelen tot -162\u00b0C bij normale druk. Bij het vloeibaar maken wordt het volume van het gas verkleint. Het neemt in vloeibare vorm ongeveer 600 maal minder volume in dan in gasvorm.<br \/>\nLNG kan gemakkelijk getransporteerd worden van de bron naar een opslagplaats (vb. LNG-terminal Zeebrugge). LNG is door zijn compacte vorm en hoge energiewaarde een ideale brandstof voor zwaar wegvervoer.[\/vc_column_text][\/vc_accordion_tab][vc_accordion_tab gutter_size=&#8221;2&#8243; column_padding=&#8221;2&#8243; title=&#8221;Voordelen&#8221; tab_id=&#8221;1613984205967-2-21622033804355&#8243;][vc_row_inner][vc_column_inner column_width_percent=&#8221;100&#8243; gutter_size=&#8221;3&#8243; style=&#8221;light&#8221; overlay_alpha=&#8221;50&#8243; shift_x=&#8221;0&#8243; shift_y=&#8221;0&#8243; shift_y_down=&#8221;0&#8243; z_index=&#8221;0&#8243; medium_width=&#8221;0&#8243; mobile_width=&#8221;0&#8243; width=&#8221;1\/1&#8243;][vc_icon position=&#8221;left&#8221; icon=&#8221;fa fa-thumbs-up3&#8243; background_style=&#8221;fa-rounded&#8221; title=&#8221;Goedkoop&#8221; el_class=&#8221;red-background-color red-text-color&#8221;]LNG is goedkoper dan anders fossiele brandstoffen voor dezelfde energie-inhoud.<br \/>\nCNG is goedkoper dan diesel voor dezelfde energie-inhoud. CNG wordt verkocht per Kg \u2013 niet per liter. Momenteel draait de prijs rond 1 euro per kilo. Dit heeft ongeveer een calorische waarde rond de 11.5995 kWh\/m3.[\/vc_icon][vc_icon position=&#8221;left&#8221; icon=&#8221;fa fa-thumbs-up3&#8243; background_style=&#8221;fa-rounded&#8221; title=&#8221;Schooner&#8221; el_class=&#8221;red-background-color red-text-color&#8221;]LNG is een reukloos, niet giftig en niet corrosief gas. Het is de schoonste fossiele brandstof die er is.<br \/>\nCNG geeft in vergelijking met benzine een reductie van 20-25% CO2-uitstoot. Tov diesel geeft dit een reductie van 9% CO2-uitstoot.[\/vc_icon][vc_icon position=&#8221;left&#8221; icon=&#8221;fa fa-thumbs-up3&#8243; background_style=&#8221;fa-rounded&#8221; title=&#8221;Veilig&#8221; el_class=&#8221;red-background-color red-text-color&#8221;]LNG is niet brandbaar. LNG verdampt vlug en laat geen sporen na op water of grond. Bij een lek zal LNG dus gewoon verdampen.<br \/>\nCNG is niet giftig of corrosief, het is zoals LNG de schoonste fossiele brandstof momenteel. Het is even \u2018ongevaarlijk\u2019 als diesel. Dus de schrik om de stap te zetten mag zeker thuis blijven.[\/vc_icon][\/vc_column_inner][\/vc_row_inner][\/vc_accordion_tab][vc_accordion_tab gutter_size=&#8221;2&#8243; column_padding=&#8221;2&#8243; title=&#8221;Waar komt LNG vandaan?&#8221; tab_id=&#8221;1622037898337-8-4&#8243;][vc_column_text]Aardgas wordt in de producerende landen vloeibaar gemaakt en opgeslagen in een tank voor het naar een LNG-schip wordt overgepompt.<br \/>\nDaarna brengt het schip het LNG naar zijn bestemming waar het terug opgeslagen wordt in ge\u00efsoleerde tanks op -162 \u00b0C. Naargelang de vraag wordt het LNG terug gasvormig gemaakt en in het net gestuurd. Zoals in Belgi\u00eb in de LNG-terminal van Zeebrugge.<br \/>\nLNG wordt vooral geproduceerd in Qatar, Maleisi\u00eb, Indonesi\u00eb, Australi\u00eb, Nigeria en Trinidad.[\/vc_column_text][\/vc_accordion_tab][vc_accordion_tab gutter_size=&#8221;2&#8243; column_padding=&#8221;2&#8243; title=&#8221;Waar komt CNG vandaan?&#8221; tab_id=&#8221;1613984227687-3-21622033804355&#8243;][vc_column_text]We kunnen CNG zowel op het net terugvinden \u2013 dus het oorspronkelijk gasnetwerk in Belgi\u00eb. Of we kunnen het via LNG (waarvan we later CNG+ kunnen maken)- schepen laten invoeren in Belgi\u00eb \u2013 op de terminal van Fluxys. Daar hebben ze de infrastructuur om de schepen te lossen \u2013 het LNG op te slaan \u2013 in trucks te laden \u2013 zo naar ons te laten vervoeren. De oorsprong van LNG is verschillend. Waar een bron van olie is, is eigenlijk ook een bron van gas, waarvan er LNG kan gemaakt worden. De upcoming landen mbt LNG (en dus CNG) zijn Qatar, Maleisi\u00eb, Indonesi\u00eb, Nigeria, Trinidad, Mozambique, UAE, Oman\u2026[\/vc_column_text][\/vc_accordion_tab][vc_accordion_tab gutter_size=&#8221;2&#8243; column_padding=&#8221;2&#8243; title=&#8221;Rijden op LNG&#8221; tab_id=&#8221;1613984245968-4-41622033804355&#8243;][vc_column_text]<\/p>\n<div class=\"span11\">\n<div class=\"post-content\">\n<p>Het LNG wordt op gelijkaardige manier getankt als een andere brandstof. Er zijn enkele bijkomende maatregelen nodig omdat men werkt met een cryogene vloeistof (vloeistof op een extreem lage temperatuur, hier -162\u00b0C). Er wordt een veiligheidsbril, en isolerende handschoenen gedragen.<br \/>\nDe tank waarin LNG wordt getankt is een goed ge\u00efsoleerde tank. Men kan deze tank het best vergelijken met een grote thermoskan. Hierin wordt het koude LNG vloeibaar gehouden. Om LNG te gebruiken als brandstof wordt het eerst verdampt tot een gas. Dit gas wordt dan aan de motor geleverd om verbrand te worden.<\/p>\n<p>Er zijn twee manieren om LNG te gebruiken als motorbrandstof:<\/p>\n<ul>\n<li>Dual-fuel: diesel en LNG wordt gebruikt als brandstof.<\/li>\n<li>Mono-fuel: alleen LNG wordt gebruikt als brandstof.<\/li>\n<\/ul>\n<\/div>\n<\/div>\n<div class=\"span11\">\n<p>Dual-fuel:<br \/>\nBij een dual-fuel motor wordt er aan de werking van de dieselmotor niets veranderd. Er worden gasinjectoren geplaatst in de luchtinlaat van de diesel en er wordt een bijkomende motorsturing geplaatst. Een deel van de diesel wordt vervangen door LNG. Dit kan oplopen tot 60% &#8211; 70% substitutie. De energie-effici\u00ebnte van een dieselmotor wordt dus behouden. Dit resulteert in een schonere verbranding en een vermindering van de CO2-uitstoot. Deze motor kan rijden op 100% diesel indien LNG niet beschikbaar is.<\/p>\n<p>Mono-fuel:<br \/>\nEen mono-fuel motor werkt zoals een benzinemotor. Het gas wordt verbrand door middel van een ontstekingsplug.<\/p>\n<\/div>\n<p>[\/vc_column_text][\/vc_accordion_tab][vc_accordion_tab gutter_size=&#8221;2&#8243; column_padding=&#8221;2&#8243; title=&#8221;Rijden op CNG&#8221; tab_id=&#8221;1613984268163-5-101622033804355&#8243;][vc_column_text]Om CNG te tanken in uw personenwagen wordt een gelijkaardige manier gebruikt, u neemt het pistool uit de houder &amp; koppelt dit aan de vulmond. Druk de hendel van het pistool volledig in en u zult een druk voelen waardoor u weet dat het tankpistool vergrendeld is. Op de pomp moet u vervolgens op de startknop drukken. Metingen zullen gebeuren tijdens het tanken, maar wanneer de wagen volgetankt is, zal het tanken automatisch stoppen. Indien u niet vol wil tanken, kunt u steeds op de stopknop drukken. Verder moet u het pistool ontkoppelen &amp; lostrekken van de vulmond om terug in de houder te plaatsen. Romac Fuels zal werken met een fastfillsysteem waardoor het tanken even snel gaat als het tanken met diesel of benzine. Geen langere wachttijden dus aan de pomp. Indien u zich een CNG wagen aangekocht hebt, gelieve ons te verwittigen zodanig wij uw huidige tankkaart kunnen aanpassen om CNG te tanken. Wij zouden ook moeten weten indien u de nodige informatie gekregen hebt omtrent het CNG tanken. Aarzel niet om ons te contacteren indien problemen.[\/vc_column_text][\/vc_accordion_tab][vc_accordion_tab gutter_size=&#8221;2&#8243; column_padding=&#8221;2&#8243; title=&#8221;Aankoop CNG wagen&#8221; tab_id=&#8221;1613984330675-6-31622033804355&#8243;][vc_column_text]Bent u ge\u00efnteresseerd om een CNG-wagen\/bestelwagen te kopen? Wij kunnen u alvast op pad helpen betreffende uw keuze. We merken dat reeds veel bekende constructeurs een CNG wagen in hun gamma hebben. De overtreffende constructeur is wel Fiat. Fiat is Italiaans en in Ital\u00efe is de CNG markt reeds sterk ge\u00ebvolueerd aangezien zij reeds na WO2 met CNG begonnen zijn als brandstof. Daarnaast heeft ook Volkswagen een collectie van 7 wagens op CNG. Ook Seat volgt met 2 wagens. Audi heeft de A3 gelanceerd in 2014. Skoda heeft ook 1 wagen op CNG. Opel heeft de Zafira en Combo Tour als CNG-wagen in collectie. Volvo heeft daarnaast ook 2 wagens rijden en ook Mercedes als Lancia hebben een wagen op CNG. Andere merken en modellen zijn onderweg ![\/vc_column_text][\/vc_accordion_tab][vc_accordion_tab gutter_size=&#8221;2&#8243; column_padding=&#8221;2&#8243; title=&#8221;Externe links&#8221; tab_id=&#8221;1622034097708-7-2&#8243;][uncode_list icon=&#8221;fa fa-link3&#8243; icon_color=&#8221;accent&#8221;]<\/p>\n<ul>\n<li><a href=\"http:\/\/www.ngva.be\/\">Natural Gas Vehicle Association, alle informatie omtrent CNG &amp; CNG wagens &amp; tankstations.<\/a><\/li>\n<li><a href=\"http:\/\/www.autobedrijflagrou.be\/\">Audi Lagrou te Diksmuide<\/a><\/li>\n<li><a href=\"http:\/\/www.marrannes.be\/\">Fiat Marannes te Wulpen<\/a><\/li>\n<li><a href=\"http:\/\/www.vanhollebekeveurne.be\/\">Opel van Hollebeke te Veurne<\/a><\/li>\n<li><a href=\"http:\/\/www.automobilia.be\/nl\/vestiging-5\/automobilia-veurne\">Volvo Automobilia te Veurne<\/a><\/li>\n<li><a href=\"http:\/\/www.mattheeuws.com\/\">Mattheeuws Eric Transport<\/a><\/li>\n<li><a href=\"http:\/\/www.transportdenecker.be\/\">Transport Denecker<\/a><\/li>\n<li><a href=\"http:\/\/www.fluxys.be\/\">Fluxys<\/a><\/li>\n<li><a href=\"http:\/\/www.volvo.be\/\">Volvo<\/a><\/li>\n<\/ul>\n<p>[\/uncode_list][\/vc_accordion_tab][\/vc_accordion][\/vc_column][vc_column column_width_percent=&#8221;100&#8243; gutter_size=&#8221;3&#8243; overlay_alpha=&#8221;50&#8243; shift_x=&#8221;0&#8243; shift_y=&#8221;0&#8243; shift_y_down=&#8221;0&#8243; z_index=&#8221;0&#8243; medium_width=&#8221;0&#8243; mobile_width=&#8221;0&#8243; width=&#8221;1\/3&#8243; el_class=&#8221;sidebar&#8221;][uncode_block id=&#8221;623&#8243; inside_column=&#8221;yes&#8221;][\/vc_column][\/vc_row]<\/p>\n","protected":false},"excerpt":{"rendered":"<p>[vc_row row_height_percent=&#8221;0&#8243; overlay_alpha=&#8221;50&#8243; gutter_size=&#8221;3&#8243; column_width_percent=&#8221;100&#8243; shift_y=&#8221;0&#8243; z_index=&#8221;0&#8243; css=&#8221;.vc_custom_1608722860489{padding-bottom: 50px !important;}&#8221;][vc_column column_width_percent=&#8221;100&#8243; gutter_size=&#8221;3&#8243; overlay_alpha=&#8221;50&#8243; shift_x=&#8221;0&#8243; shift_y=&#8221;0&#8243; shift_y_down=&#8221;0&#8243; z_index=&#8221;0&#8243; medium_width=&#8221;0&#8243; mobile_width=&#8221;0&#8243; width=&#8221;2\/3&#8243; [&hellip;]<\/p>\n","protected":false},"author":1,"featured_media":3352,"parent":573,"menu_order":0,"comment_status":"closed","ping_status":"closed","template":"","meta":{"footnotes":""},"class_list":["post-2628","page","type-page","status-publish","has-post-thumbnail","hentry"],"yoast_head":"<!-- This site is optimized with the Yoast SEO plugin v27.0 - https:\/\/yoast.com\/product\/yoast-seo-wordpress\/ -->\n<title>LNG &amp; CNG - Romac Fuels<\/title>\n<meta name=\"robots\" content=\"index, follow, max-snippet:-1, max-image-preview:large, max-video-preview:-1\" \/>\n<link rel=\"canonical\" href=\"https:\/\/www.romacfuels.com\/nl\/diensten\/lng-cng\/\" \/>\n<meta property=\"og:locale\" content=\"nl_NL\" \/>\n<meta property=\"og:type\" content=\"article\" \/>\n<meta property=\"og:title\" content=\"LNG &amp; CNG - Romac Fuels\" \/>\n<meta property=\"og:description\" content=\"[vc_row row_height_percent=&#8221;0&#8243; overlay_alpha=&#8221;50&#8243; gutter_size=&#8221;3&#8243; column_width_percent=&#8221;100&#8243; shift_y=&#8221;0&#8243; z_index=&#8221;0&#8243; css=&#8221;.vc_custom_1608722860489{padding-bottom: 50px !important;}&#8221;][vc_column column_width_percent=&#8221;100&#8243; gutter_size=&#8221;3&#8243; overlay_alpha=&#8221;50&#8243; shift_x=&#8221;0&#8243; shift_y=&#8221;0&#8243; shift_y_down=&#8221;0&#8243; z_index=&#8221;0&#8243; medium_width=&#8221;0&#8243; mobile_width=&#8221;0&#8243; width=&#8221;2\/3&#8243; [&hellip;]\" \/>\n<meta property=\"og:url\" content=\"https:\/\/www.romacfuels.com\/nl\/diensten\/lng-cng\/\" \/>\n<meta property=\"og:site_name\" content=\"Romac Fuels\" \/>\n<meta property=\"article:modified_time\" content=\"2025-10-22T06:43:17+00:00\" \/>\n<meta property=\"og:image\" content=\"https:\/\/www.romacfuels.com\/wp-content\/uploads\/2025\/10\/header_21.jpg\" \/>\n\t<meta property=\"og:image:width\" content=\"1920\" \/>\n\t<meta property=\"og:image:height\" content=\"805\" \/>\n\t<meta property=\"og:image:type\" content=\"image\/jpeg\" \/>\n<meta name=\"twitter:card\" content=\"summary_large_image\" \/>\n<meta name=\"twitter:label1\" content=\"Geschatte leestijd\" \/>\n\t<meta name=\"twitter:data1\" content=\"7 minuten\" \/>\n<script type=\"application\/ld+json\" class=\"yoast-schema-graph\">{\"@context\":\"https:\/\/schema.org\",\"@graph\":[{\"@type\":\"WebPage\",\"@id\":\"https:\/\/www.romacfuels.com\/nl\/diensten\/lng-cng\/\",\"url\":\"https:\/\/www.romacfuels.com\/nl\/diensten\/lng-cng\/\",\"name\":\"LNG & CNG - Romac Fuels\",\"isPartOf\":{\"@id\":\"https:\/\/www.romacfuels.com\/nl\/#website\"},\"primaryImageOfPage\":{\"@id\":\"https:\/\/www.romacfuels.com\/nl\/diensten\/lng-cng\/#primaryimage\"},\"image\":{\"@id\":\"https:\/\/www.romacfuels.com\/nl\/diensten\/lng-cng\/#primaryimage\"},\"thumbnailUrl\":\"https:\/\/www.romacfuels.com\/wp-content\/uploads\/2025\/10\/header_21.jpg\",\"datePublished\":\"2021-03-15T09:39:42+00:00\",\"dateModified\":\"2025-10-22T06:43:17+00:00\",\"breadcrumb\":{\"@id\":\"https:\/\/www.romacfuels.com\/nl\/diensten\/lng-cng\/#breadcrumb\"},\"inLanguage\":\"nl-NL\",\"potentialAction\":[{\"@type\":\"ReadAction\",\"target\":[\"https:\/\/www.romacfuels.com\/nl\/diensten\/lng-cng\/\"]}]},{\"@type\":\"ImageObject\",\"inLanguage\":\"nl-NL\",\"@id\":\"https:\/\/www.romacfuels.com\/nl\/diensten\/lng-cng\/#primaryimage\",\"url\":\"https:\/\/www.romacfuels.com\/wp-content\/uploads\/2025\/10\/header_21.jpg\",\"contentUrl\":\"https:\/\/www.romacfuels.com\/wp-content\/uploads\/2025\/10\/header_21.jpg\",\"width\":1920,\"height\":805,\"caption\":\"Screenshot\"},{\"@type\":\"BreadcrumbList\",\"@id\":\"https:\/\/www.romacfuels.com\/nl\/diensten\/lng-cng\/#breadcrumb\",\"itemListElement\":[{\"@type\":\"ListItem\",\"position\":1,\"name\":\"Home\",\"item\":\"https:\/\/www.romacfuels.com\/nl\/\"},{\"@type\":\"ListItem\",\"position\":2,\"name\":\"Diensten\",\"item\":\"https:\/\/www.romacfuels.com\/nl\/diensten\/\"},{\"@type\":\"ListItem\",\"position\":3,\"name\":\"LNG &#038; CNG\"}]},{\"@type\":\"WebSite\",\"@id\":\"https:\/\/www.romacfuels.com\/nl\/#website\",\"url\":\"https:\/\/www.romacfuels.com\/nl\/\",\"name\":\"Romac Fuels\",\"description\":\"\",\"potentialAction\":[{\"@type\":\"SearchAction\",\"target\":{\"@type\":\"EntryPoint\",\"urlTemplate\":\"https:\/\/www.romacfuels.com\/nl\/?s={search_term_string}\"},\"query-input\":{\"@type\":\"PropertyValueSpecification\",\"valueRequired\":true,\"valueName\":\"search_term_string\"}}],\"inLanguage\":\"nl-NL\"}]}<\/script>\n<!-- \/ Yoast SEO plugin. -->","yoast_head_json":{"title":"LNG & CNG - Romac Fuels","robots":{"index":"index","follow":"follow","max-snippet":"max-snippet:-1","max-image-preview":"max-image-preview:large","max-video-preview":"max-video-preview:-1"},"canonical":"https:\/\/www.romacfuels.com\/nl\/diensten\/lng-cng\/","og_locale":"nl_NL","og_type":"article","og_title":"LNG & CNG - Romac Fuels","og_description":"[vc_row row_height_percent=&#8221;0&#8243; overlay_alpha=&#8221;50&#8243; gutter_size=&#8221;3&#8243; column_width_percent=&#8221;100&#8243; shift_y=&#8221;0&#8243; z_index=&#8221;0&#8243; css=&#8221;.vc_custom_1608722860489{padding-bottom: 50px !important;}&#8221;][vc_column column_width_percent=&#8221;100&#8243; gutter_size=&#8221;3&#8243; overlay_alpha=&#8221;50&#8243; shift_x=&#8221;0&#8243; shift_y=&#8221;0&#8243; shift_y_down=&#8221;0&#8243; z_index=&#8221;0&#8243; medium_width=&#8221;0&#8243; mobile_width=&#8221;0&#8243; width=&#8221;2\/3&#8243; [&hellip;]","og_url":"https:\/\/www.romacfuels.com\/nl\/diensten\/lng-cng\/","og_site_name":"Romac Fuels","article_modified_time":"2025-10-22T06:43:17+00:00","og_image":[{"width":1920,"height":805,"url":"https:\/\/www.romacfuels.com\/wp-content\/uploads\/2025\/10\/header_21.jpg","type":"image\/jpeg"}],"twitter_card":"summary_large_image","twitter_misc":{"Geschatte leestijd":"7 minuten"},"schema":{"@context":"https:\/\/schema.org","@graph":[{"@type":"WebPage","@id":"https:\/\/www.romacfuels.com\/nl\/diensten\/lng-cng\/","url":"https:\/\/www.romacfuels.com\/nl\/diensten\/lng-cng\/","name":"LNG & CNG - Romac Fuels","isPartOf":{"@id":"https:\/\/www.romacfuels.com\/nl\/#website"},"primaryImageOfPage":{"@id":"https:\/\/www.romacfuels.com\/nl\/diensten\/lng-cng\/#primaryimage"},"image":{"@id":"https:\/\/www.romacfuels.com\/nl\/diensten\/lng-cng\/#primaryimage"},"thumbnailUrl":"https:\/\/www.romacfuels.com\/wp-content\/uploads\/2025\/10\/header_21.jpg","datePublished":"2021-03-15T09:39:42+00:00","dateModified":"2025-10-22T06:43:17+00:00","breadcrumb":{"@id":"https:\/\/www.romacfuels.com\/nl\/diensten\/lng-cng\/#breadcrumb"},"inLanguage":"nl-NL","potentialAction":[{"@type":"ReadAction","target":["https:\/\/www.romacfuels.com\/nl\/diensten\/lng-cng\/"]}]},{"@type":"ImageObject","inLanguage":"nl-NL","@id":"https:\/\/www.romacfuels.com\/nl\/diensten\/lng-cng\/#primaryimage","url":"https:\/\/www.romacfuels.com\/wp-content\/uploads\/2025\/10\/header_21.jpg","contentUrl":"https:\/\/www.romacfuels.com\/wp-content\/uploads\/2025\/10\/header_21.jpg","width":1920,"height":805,"caption":"Screenshot"},{"@type":"BreadcrumbList","@id":"https:\/\/www.romacfuels.com\/nl\/diensten\/lng-cng\/#breadcrumb","itemListElement":[{"@type":"ListItem","position":1,"name":"Home","item":"https:\/\/www.romacfuels.com\/nl\/"},{"@type":"ListItem","position":2,"name":"Diensten","item":"https:\/\/www.romacfuels.com\/nl\/diensten\/"},{"@type":"ListItem","position":3,"name":"LNG &#038; CNG"}]},{"@type":"WebSite","@id":"https:\/\/www.romacfuels.com\/nl\/#website","url":"https:\/\/www.romacfuels.com\/nl\/","name":"Romac Fuels","description":"","potentialAction":[{"@type":"SearchAction","target":{"@type":"EntryPoint","urlTemplate":"https:\/\/www.romacfuels.com\/nl\/?s={search_term_string}"},"query-input":{"@type":"PropertyValueSpecification","valueRequired":true,"valueName":"search_term_string"}}],"inLanguage":"nl-NL"}]}},"_links":{"self":[{"href":"https:\/\/www.romacfuels.com\/nl\/wp-json\/wp\/v2\/pages\/2628","targetHints":{"allow":["GET"]}}],"collection":[{"href":"https:\/\/www.romacfuels.com\/nl\/wp-json\/wp\/v2\/pages"}],"about":[{"href":"https:\/\/www.romacfuels.com\/nl\/wp-json\/wp\/v2\/types\/page"}],"author":[{"embeddable":true,"href":"https:\/\/www.romacfuels.com\/nl\/wp-json\/wp\/v2\/users\/1"}],"replies":[{"embeddable":true,"href":"https:\/\/www.romacfuels.com\/nl\/wp-json\/wp\/v2\/comments?post=2628"}],"version-history":[{"count":12,"href":"https:\/\/www.romacfuels.com\/nl\/wp-json\/wp\/v2\/pages\/2628\/revisions"}],"predecessor-version":[{"id":2843,"href":"https:\/\/www.romacfuels.com\/nl\/wp-json\/wp\/v2\/pages\/2628\/revisions\/2843"}],"up":[{"embeddable":true,"href":"https:\/\/www.romacfuels.com\/nl\/wp-json\/wp\/v2\/pages\/573"}],"wp:featuredmedia":[{"embeddable":true,"href":"https:\/\/www.romacfuels.com\/nl\/wp-json\/wp\/v2\/media\/3352"}],"wp:attachment":[{"href":"https:\/\/www.romacfuels.com\/nl\/wp-json\/wp\/v2\/media?parent=2628"}],"curies":[{"name":"wp","href":"https:\/\/api.w.org\/{rel}","templated":true}]}}